{"id":6808,"date":"2022-11-12T18:43:14","date_gmt":"2022-11-12T17:43:14","guid":{"rendered":"https:\/\/illmatik.com\/V2\/?page_id=6808"},"modified":"2025-08-14T15:18:31","modified_gmt":"2025-08-14T13:18:31","slug":"im","status":"publish","type":"page","link":"https:\/\/illmatik.com\/V2\/im\/","title":{"rendered":"Illmatik"},"content":{"rendered":"<section class=\"wpb-content-wrapper\">[vc_row thb_full_width=\u00a0\u00bbtrue\u00a0\u00bb thb_row_padding=\u00a0\u00bbtrue\u00a0\u00bb thb_column_padding=\u00a0\u00bbtrue\u00a0\u00bb css=\u00a0\u00bb.vc_custom_1692097283536{padding-top: 30px !important;padding-bottom: 30px !important;background-color: #a32e36 !important;}\u00a0\u00bb][vc_column][vc_row_inner][vc_column_inner width=\u00a0\u00bb1\/6&Prime;][\/vc_column_inner][vc_column_inner width=\u00a0\u00bb2\/3&Prime;][vc_column_text]\n<h2><span style=\"color: #ffffff;\">Id\u00e9es &amp; exp\u00e9riences qui nous font avancer.<\/span><\/h2>\n[\/vc_column_text][vc_column_text]<span style=\"color: #ffffff;\"><strong>Illmatik<\/strong> a \u00e9t\u00e9 cr\u00e9\u00e9 sur la base d\u2019un postulat simple : Les id\u00e9es influencent et orientent non seulement la marche du monde mais surtout la mani\u00e8re dont nous voyons le monde, et dont nous en faisons l\u2019exp\u00e9rience. Il est important aujourd\u2019hui que les Afros (Africains et Afrodescendants) exposent et affirment les leurs.<\/span><\/p>\n<p><span style=\"color: #ffffff;\"><strong>lllmatik<\/strong> diffuse les id\u00e9es et contributions des Afros sur : l\u2019\u00e9volution des mouvements culturels et tendances soci\u00e9tales, le futur du business et de l\u2019innovation, les enjeux de carri\u00e8re et de la vie active, mais aussi sur les questions de g\u00e9opolitique et de d\u00e9veloppement, ainsi que sur la place de l\u2019activisme et de l\u2019engagement social.<\/span>[\/vc_column_text][\/vc_column_inner][vc_column_inner width=\u00a0\u00bb1\/6&Prime;][\/vc_column_inner][\/vc_row_inner][\/vc_column][\/vc_row][vc_row][vc_column width=\u00a0\u00bb1\/2&Prime;][vc_empty_space height=\u00a0\u00bb20px\u00a0\u00bb]\t<div id=\"thb-accordion-69dd660f4f485\" class=\"thb-accordion style1 \">\n\t\t[vc_tta_section title=\u00a0\u00bbMAGAZINE\u00a0\u00bb tab_id=\u00a0\u00bb1692095620877-38b3b704-0a7d\u00a0\u00bb][vc_column_text]<strong>Illmatik<\/strong> est une plateforme media qui propose un d\u00e9cryptage du monde, de l\u2019actualit\u00e9 et des tendances dans une perspective Triple A (Ambitieux, Activiste, Afro*). Et met en lumi\u00e8re \u00e9galement les id\u00e9es et contributions des Afro dans tous les domaines.[\/vc_column_text][\/vc_tta_section][vc_tta_section title=\u00a0\u00bbEDITION\u00a0\u00bb tab_id=\u00a0\u00bb1692095620905-46970fb4-7ec3&Prime;][vc_column_text]<strong>Illmatik<\/strong> publie une s\u00e9rie de livres, \u00e9dit\u00e9s par Congo Lobi Lelo, avec l\u2019ambition de d\u00e9crypter et de partager les savoirs et les textes que nous consid\u00e9rons comme importants pour ne pas dire essentiels pour les g\u00e9n\u00e9rations Triple A (Afro, ambitieux, activistes). Produite sous formes d\u2019interviews, elle s\u2019attache \u00e0 proposer et \u00e0 diffuser, \u00e0 travers des formats courts, des id\u00e9es africaines qui nous font avancer.[\/vc_column_text][\/vc_tta_section][vc_tta_section title=\u00a0\u00bbSOLUTIONS\u00a0\u00bb tab_id=\u00a0\u00bb1692095763447-1bc89845-f64b\u00a0\u00bb][vc_column_text]<strong>Illmatik <\/strong>d\u00e9veloppe et apporte des outils pratiques, des ressources pertinentes et des id\u00e9es innovantes pour non seulement dynamiser et transformer votre carri\u00e8re, transformer votre organisation, d\u00e9velopper des id\u00e9es et projets remarquables mais aussi exceller et sortir du lot. [\/vc_column_text][\/vc_tta_section][vc_tta_section title=\u00a0\u00bbPEI\u00a0\u00bb tab_id=\u00a0\u00bb1692120766854-a1cb8747-59c6&Prime;][vc_column_text]PEI (ou Patrick Esimba Ifonge) est le cr\u00e9ateur de la plateforme Illmatik. Sp\u00e9cialiste en communication (globale et strat\u00e9gique), conseiller politique, facilitateur, \u00e9diteur, il est un passionn\u00e9 des m\u00e9dias et des id\u00e9es, engag\u00e9 au niveau des cultures HipHop et africaines, et ambitieux pour l&rsquo;Afrique et les Afros (Africains, afrodescendants, afropolitains). [\/vc_column_text][\/vc_tta_section]\t<\/div>\n\t[\/vc_column][vc_column width=\u00a0\u00bb1\/2&Prime;][vc_single_image image=\u00a0\u00bb7333&Prime; img_size=\u00a0\u00bblarge\u00a0\u00bb][\/vc_column][\/vc_row][vc_row][vc_column][vc_gallery gallery_type=\u00a0\u00bbthb-portfolio\u00a0\u00bb thb_columns=\u00a0\u00bbsmall-6 large-4&Prime; lightbox=\u00a0\u00bbmfp-gallery\u00a0\u00bb images=\u00a0\u00bb7582,7583,7584,7828,7827,7826,7825&Prime; img_size=\u00a0\u00bbmedium\u00a0\u00bb][\/vc_column][\/vc_row][vc_row][vc_column][vc_empty_space height=\u00a0\u00bb20px\u00a0\u00bb][\/vc_column][\/vc_row]\n<\/section>","protected":false},"excerpt":{"rendered":"<p>[vc_row thb_full_width=\u00a0\u00bbtrue\u00a0\u00bb thb_row_padding=\u00a0\u00bbtrue\u00a0\u00bb thb_column_padding=\u00a0\u00bbtrue\u00a0\u00bb css=\u00a0\u00bb.vc_custom_1692097283536{padding-top: 30px !important;padding-bottom: 30px !important;background-color: #a32e36 !important;}\u00a0\u00bb][vc_column][vc_row_inner][vc_column_inner width=\u00a0\u00bb1\/6&Prime;][\/vc_column_inner][vc_column_inner width=\u00a0\u00bb2\/3&Prime;][vc_column_text] Id\u00e9es &amp; exp\u00e9riences qui nous font avancer. [\/vc_column_text][vc_column_text]Illmatik a \u00e9t\u00e9 cr\u00e9\u00e9 sur la base d\u2019un postulat simple : Les id\u00e9es influencent et orientent non seulement la marche du monde mais surtout la mani\u00e8re dont nous voyons le monde, et dont nous en&hellip;<\/p>\n","protected":false},"author":1,"featured_media":0,"parent":0,"menu_order":0,"comment_status":"closed","ping_status":"closed","template":"page-default.php","meta":{"footnotes":""},"class_list":["post-6808","page","type-page","status-publish","hentry"],"_links":{"self":[{"href":"https:\/\/illmatik.com\/V2\/wp-json\/wp\/v2\/pages\/6808","targetHints":{"allow":["GET"]}}],"collection":[{"href":"https:\/\/illmatik.com\/V2\/wp-json\/wp\/v2\/pages"}],"about":[{"href":"https:\/\/illmatik.com\/V2\/wp-json\/wp\/v2\/types\/page"}],"author":[{"embeddable":true,"href":"https:\/\/illmatik.com\/V2\/wp-json\/wp\/v2\/users\/1"}],"replies":[{"embeddable":true,"href":"https:\/\/illmatik.com\/V2\/wp-json\/wp\/v2\/comments?post=6808"}],"version-history":[{"count":27,"href":"https:\/\/illmatik.com\/V2\/wp-json\/wp\/v2\/pages\/6808\/revisions"}],"predecessor-version":[{"id":7829,"href":"https:\/\/illmatik.com\/V2\/wp-json\/wp\/v2\/pages\/6808\/revisions\/7829"}],"wp:attachment":[{"href":"https:\/\/illmatik.com\/V2\/wp-json\/wp\/v2\/media?parent=6808"}],"curies":[{"name":"wp","href":"https:\/\/api.w.org\/{rel}","templated":true}]}}