{"id":6881,"date":"2022-11-12T22:30:25","date_gmt":"2022-11-12T21:30:25","guid":{"rendered":"https:\/\/illmatik.com\/V2\/?page_id=6881"},"modified":"2025-10-06T11:59:35","modified_gmt":"2025-10-06T09:59:35","slug":"livres","status":"publish","type":"page","link":"https:\/\/illmatik.com\/V2\/livres\/","title":{"rendered":"Livres"},"content":{"rendered":"<section class=\"wpb-content-wrapper\">[vc_row thb_full_width=\u00a0\u00bbtrue\u00a0\u00bb thb_row_padding=\u00a0\u00bbtrue\u00a0\u00bb thb_column_padding=\u00a0\u00bbtrue\u00a0\u00bb css=\u00a0\u00bb.vc_custom_1692097283536{padding-top: 30px !important;padding-bottom: 30px !important;background-color: #a32e36 !important;}\u00a0\u00bb][vc_column][vc_row_inner][vc_column_inner width=\u00a0\u00bb1\/6&Prime;][\/vc_column_inner][vc_column_inner width=\u00a0\u00bb2\/3&Prime;][vc_column_text]\n<h2 style=\"text-align: center;\"><span style=\"color: #ffffff;\">Livres<\/span><\/h2>\n[\/vc_column_text][vc_column_text]<span style=\"color: #ffffff;\"><strong>Illmatik<\/strong> publie une s\u00e9rie de livres, \u00e9dit\u00e9s par Congo Lobi Lelo, avec l\u2019ambition de d\u00e9crypter et de partager les savoirs et les textes que nous consid\u00e9rons comme importants pour ne pas dire essentiels pour les g\u00e9n\u00e9rations Triple A (Afro, ambitieux, activistes). Produite sous formes d\u2019interviews, elle s\u2019attache \u00e0 proposer et \u00e0 diffuser, \u00e0 travers des formats courts, des id\u00e9es qui nous font avancer.<\/span><\/p>\n[\/vc_column_text][\/vc_column_inner][vc_column_inner width=\u00a0\u00bb1\/6&Prime;][\/vc_column_inner][\/vc_row_inner][\/vc_column][\/vc_row][vc_row bg_position=\u00a0\u00bbcenter bottom\u00a0\u00bb css=\u00a0\u00bb.vc_custom_1536838230490{padding-top: 95px !important;padding-bottom: 100px !important;}\u00a0\u00bb][vc_column][vc_empty_space height=\u00a0\u00bb10px\u00a0\u00bb]\t\t<div class=\"thb-post-grid thb-post-grid-style10 row small-padding \" data-loadmore=\"#loadmore-20\" data-rand=\"20\" data-security=\"d887ce2648\">\n\t\t\t\t\t\t\t\t\t\t\t\t\t\t\t\t\t\t\t\t\t\t\t<div class=\"small-12 medium-4 columns\">\n\t\t\t\t\t\t<div class=\"post style13 featured-style center-contents post-7413 page type-page status-publish has-post-thumbnail hentry\">\n\t<figure class=\"post-gallery thb-parallax\" data-video=\"mp4:\">\n\t\t<img loading=\"lazy\" decoding=\"async\" width=\"740\" height=\"710\" src=\"https:\/\/illmatik.com\/V2\/wp-content\/uploads\/2023\/08\/IMG_20210430_111859-20x19.jpg\" class=\"attachment-theissue-square-x2 size-theissue-square-x2 thb-lazyload lazyload wp-post-image\" alt=\"\" sizes=\"auto, (max-width: 740px) 100vw, 740px\" data-src=\"https:\/\/illmatik.com\/V2\/wp-content\/uploads\/2023\/08\/IMG_20210430_111859-740x710.jpg\" data-sizes=\"auto\" data-srcset=\"https:\/\/illmatik.com\/V2\/wp-content\/uploads\/2023\/08\/IMG_20210430_111859-740x710.jpg 740w, https:\/\/illmatik.com\/V2\/wp-content\/uploads\/2023\/08\/IMG_20210430_111859-370x355.jpg 370w, https:\/\/illmatik.com\/V2\/wp-content\/uploads\/2023\/08\/IMG_20210430_111859-20x19.jpg 20w\" \/>\t<\/figure>\n\t<div class=\"post-inner-content\">\n\t\t<div>\n\t\t\t\t\t\t<div class=\"post-title\"><h4><a href=\"https:\/\/illmatik.com\/V2\/conversations-hiphop-1\/\" title=\"Conversations HipHop #1\"><span>Conversations HipHop #1<\/span><\/a><\/h4><\/div>\t\t\t\t\t\t\t<aside class=\"thb-post-bottom\">\n\t\t\t\t\t\t<ul>\n\t\t\t\t\t\t\t\t<li class=\"post-date\">15 ao\u00fbt 2023<\/li>\n\t\t\t\t\t\t\t\t\t\t\t\t<li class=\"post-read\">1 min Read<\/li>\n\t\t\t\t\t\t\t\t\t\t\t\t<li class=\"post-share\">0 Shares\t\t\t\t\t\t\t\t\t\t<div class=\"post-share-bubble\">\n\t\t\t\t\t\t<div class=\"post-share-icons\">\n\t\t\t\t\t\t\t\t\t\t\t\t\t\t<a href=\"https:\/\/www.facebook.com\/sharer.php?u=https:\/\/illmatik.com\/V2\/conversations-hiphop-1\/\" class=\"post-social-share facebook\">\n\t\t\t\t\t\t\t\t\t<i class=\"thb-icon-facebook\"><\/i>\n\t\t\t\t\t\t\t\t<\/a>\n\t\t\t\t\t\t\t\t\t\t\t\t\t\t\t<a href=\"https:\/\/twitter.com\/intent\/tweet?text=Conversations%20HipHop%20#1&#038;via=illmatikmag&#038;url=https:\/\/illmatik.com\/V2\/conversations-hiphop-1\/\" class=\"post-social-share twitter\">\n\t\t\t\t\t\t\t\t\t<i class=\"thb-icon-twitter\"><\/i>\n\t\t\t\t\t\t\t\t<\/a>\n\t\t\t\t\t\t\t\t\t\t\t\t\t\t\t<a href=\"https:\/\/www.linkedin.com\/cws\/share?url=https:\/\/illmatik.com\/V2\/conversations-hiphop-1\/\" class=\"post-social-share linkedin\">\n\t\t\t\t\t\t\t\t\t<i class=\"thb-icon-linkedin\"><\/i>\n\t\t\t\t\t\t\t\t<\/a>\n\t\t\t\t\t\t\t\t\t\t\t\t\t\t\t<a href=\"https:\/\/wa.me\/?text=Conversations%20HipHop%20#1%20https:\/\/illmatik.com\/V2\/conversations-hiphop-1\/\" class=\"post-social-share whatsapp\">\n\t\t\t\t\t\t\t\t\t<i class=\"thb-icon-whatsapp\"><\/i>\n\t\t\t\t\t\t\t\t<\/a>\n\t\t\t\t\t\t\t\t\t\t\t\t\t\t\t<a href=\"mailto:?subject=Conversations%20HipHop%20#1&#038;body=Conversations%20HipHop%20#1%20https:\/\/illmatik.com\/V2\/conversations-hiphop-1\/\" class=\"post-social-share email\">\n\t\t\t\t\t\t\t\t\t<i class=\"thb-icon-mail\"><\/i>\n\t\t\t\t\t\t\t\t<\/a>\n\t\t\t\t\t\t\t\t\t\t\t\t\t\t\t<a href=\"https:\/\/t.me\/share\/url?&#038;text=Conversations%20HipHop%20#1&#038;url=https:\/\/illmatik.com\/V2\/conversations-hiphop-1\/\" class=\"post-social-share telegram\">\n\t\t\t\t\t\t\t\t\t<i class=\"thb-icon-telegram\"><\/i>\n\t\t\t\t\t\t\t\t<\/a>\n\t\t\t\t\t\t\t\t\t\t\t\t\t<\/div>\n\t\t\t\t\t<\/div>\n\t\t\t\t\t\t\t\t\t<\/li>\n\t\t\t\t\t\t\t<\/ul>\n\t\t<\/aside>\n\t\t\t\t<\/div>\n\t<\/div>\n<\/div>\n\t\t<\/div>\n\t\t\t\t\t\t\t\t\t\t\t\t\t\t\t\t\t\t\t\t\t\t\t\t\t\t\t\t\t\t\t\t\t\t\t\t\t\t\t\t\t\t<div class=\"small-12 medium-4 columns\">\n\t\t\t\t\t\t<div class=\"post style13 featured-style center-contents post-7407 page type-page status-publish has-post-thumbnail hentry\">\n\t<figure class=\"post-gallery thb-parallax\" data-video=\"mp4:\">\n\t\t<img loading=\"lazy\" decoding=\"async\" width=\"740\" height=\"710\" src=\"https:\/\/illmatik.com\/V2\/wp-content\/uploads\/2023\/08\/IMG_20191020_103212-20x19.jpg\" class=\"attachment-theissue-square-x2 size-theissue-square-x2 thb-lazyload lazyload wp-post-image\" alt=\"\" sizes=\"auto, (max-width: 740px) 100vw, 740px\" data-src=\"https:\/\/illmatik.com\/V2\/wp-content\/uploads\/2023\/08\/IMG_20191020_103212-740x710.jpg\" data-sizes=\"auto\" data-srcset=\"https:\/\/illmatik.com\/V2\/wp-content\/uploads\/2023\/08\/IMG_20191020_103212-740x710.jpg 740w, https:\/\/illmatik.com\/V2\/wp-content\/uploads\/2023\/08\/IMG_20191020_103212-370x355.jpg 370w, https:\/\/illmatik.com\/V2\/wp-content\/uploads\/2023\/08\/IMG_20191020_103212-20x19.jpg 20w\" \/>\t<\/figure>\n\t<div class=\"post-inner-content\">\n\t\t<div>\n\t\t\t\t\t\t<div class=\"post-title\"><h4><a href=\"https:\/\/illmatik.com\/V2\/illmatik-1\/\" title=\"Pour nous reconstruire&#8230;\"><span>Pour nous reconstruire&#8230;<\/span><\/a><\/h4><\/div>\t\t\t\t\t\t\t<aside class=\"thb-post-bottom\">\n\t\t\t\t\t\t<ul>\n\t\t\t\t\t\t\t\t<li class=\"post-date\">15 ao\u00fbt 2023<\/li>\n\t\t\t\t\t\t\t\t\t\t\t\t<li class=\"post-read\">1 min Read<\/li>\n\t\t\t\t\t\t\t\t\t\t\t\t<li class=\"post-share\">0 Shares\t\t\t\t\t\t\t\t\t\t<div class=\"post-share-bubble\">\n\t\t\t\t\t\t<div class=\"post-share-icons\">\n\t\t\t\t\t\t\t\t\t\t\t\t\t\t<a href=\"https:\/\/www.facebook.com\/sharer.php?u=https:\/\/illmatik.com\/V2\/illmatik-1\/\" class=\"post-social-share facebook\">\n\t\t\t\t\t\t\t\t\t<i class=\"thb-icon-facebook\"><\/i>\n\t\t\t\t\t\t\t\t<\/a>\n\t\t\t\t\t\t\t\t\t\t\t\t\t\t\t<a href=\"https:\/\/twitter.com\/intent\/tweet?text=Pour%20nous%20reconstruire&#8230;&#038;via=illmatikmag&#038;url=https:\/\/illmatik.com\/V2\/illmatik-1\/\" class=\"post-social-share twitter\">\n\t\t\t\t\t\t\t\t\t<i class=\"thb-icon-twitter\"><\/i>\n\t\t\t\t\t\t\t\t<\/a>\n\t\t\t\t\t\t\t\t\t\t\t\t\t\t\t<a href=\"https:\/\/www.linkedin.com\/cws\/share?url=https:\/\/illmatik.com\/V2\/illmatik-1\/\" class=\"post-social-share linkedin\">\n\t\t\t\t\t\t\t\t\t<i class=\"thb-icon-linkedin\"><\/i>\n\t\t\t\t\t\t\t\t<\/a>\n\t\t\t\t\t\t\t\t\t\t\t\t\t\t\t<a href=\"https:\/\/wa.me\/?text=Pour%20nous%20reconstruire&#8230;%20https:\/\/illmatik.com\/V2\/illmatik-1\/\" class=\"post-social-share whatsapp\">\n\t\t\t\t\t\t\t\t\t<i class=\"thb-icon-whatsapp\"><\/i>\n\t\t\t\t\t\t\t\t<\/a>\n\t\t\t\t\t\t\t\t\t\t\t\t\t\t\t<a href=\"mailto:?subject=Pour%20nous%20reconstruire&#8230;&#038;body=Pour%20nous%20reconstruire&#8230;%20https:\/\/illmatik.com\/V2\/illmatik-1\/\" class=\"post-social-share email\">\n\t\t\t\t\t\t\t\t\t<i class=\"thb-icon-mail\"><\/i>\n\t\t\t\t\t\t\t\t<\/a>\n\t\t\t\t\t\t\t\t\t\t\t\t\t\t\t<a href=\"https:\/\/t.me\/share\/url?&#038;text=Pour%20nous%20reconstruire&#8230;&#038;url=https:\/\/illmatik.com\/V2\/illmatik-1\/\" class=\"post-social-share telegram\">\n\t\t\t\t\t\t\t\t\t<i class=\"thb-icon-telegram\"><\/i>\n\t\t\t\t\t\t\t\t<\/a>\n\t\t\t\t\t\t\t\t\t\t\t\t\t<\/div>\n\t\t\t\t\t<\/div>\n\t\t\t\t\t\t\t\t\t<\/li>\n\t\t\t\t\t\t\t<\/ul>\n\t\t<\/aside>\n\t\t\t\t<\/div>\n\t<\/div>\n<\/div>\n\t\t<\/div>\n\t\t\t\t\t\t\t\t\t\t\t\t\t\t\t\t\t\t\t\t\t\t\t\t\t\t\t\t\t\t\t\t\t\t\t\t\t\t\t\t\t\t<div class=\"small-12 medium-4 columns\">\n\t\t\t\t\t\t<div class=\"post style13 featured-style center-contents post-7383 page type-page status-publish has-post-thumbnail hentry\">\n\t<figure class=\"post-gallery thb-parallax\" data-video=\"mp4:\">\n\t\t<img loading=\"lazy\" decoding=\"async\" width=\"740\" height=\"710\" src=\"https:\/\/illmatik.com\/V2\/wp-content\/uploads\/2023\/08\/DCM1-20x19.jpeg\" class=\"attachment-theissue-square-x2 size-theissue-square-x2 thb-lazyload lazyload wp-post-image\" alt=\"\" sizes=\"auto, (max-width: 740px) 100vw, 740px\" data-src=\"https:\/\/illmatik.com\/V2\/wp-content\/uploads\/2023\/08\/DCM1-740x710.jpeg\" data-sizes=\"auto\" data-srcset=\"https:\/\/illmatik.com\/V2\/wp-content\/uploads\/2023\/08\/DCM1-740x710.jpeg 740w, https:\/\/illmatik.com\/V2\/wp-content\/uploads\/2023\/08\/DCM1-370x355.jpeg 370w, https:\/\/illmatik.com\/V2\/wp-content\/uploads\/2023\/08\/DCM1-20x19.jpeg 20w\" \/>\t<\/figure>\n\t<div class=\"post-inner-content\">\n\t\t<div>\n\t\t\t\t\t\t<div class=\"post-title\"><h4><a href=\"https:\/\/illmatik.com\/V2\/illmatik-2\/\" title=\"Demain, c&rsquo;est maintenant\"><span>Demain, c&rsquo;est maintenant<\/span><\/a><\/h4><\/div>\t\t\t\t\t\t\t<aside class=\"thb-post-bottom\">\n\t\t\t\t\t\t<ul>\n\t\t\t\t\t\t\t\t<li class=\"post-date\">15 ao\u00fbt 2023<\/li>\n\t\t\t\t\t\t\t\t\t\t\t\t<li class=\"post-read\">2 mins Read<\/li>\n\t\t\t\t\t\t\t\t\t\t\t\t<li class=\"post-share\">0 Shares\t\t\t\t\t\t\t\t\t\t<div class=\"post-share-bubble\">\n\t\t\t\t\t\t<div class=\"post-share-icons\">\n\t\t\t\t\t\t\t\t\t\t\t\t\t\t<a href=\"https:\/\/www.facebook.com\/sharer.php?u=https:\/\/illmatik.com\/V2\/illmatik-2\/\" class=\"post-social-share facebook\">\n\t\t\t\t\t\t\t\t\t<i class=\"thb-icon-facebook\"><\/i>\n\t\t\t\t\t\t\t\t<\/a>\n\t\t\t\t\t\t\t\t\t\t\t\t\t\t\t<a href=\"https:\/\/twitter.com\/intent\/tweet?text=Demain,%20c&rsquo;est%20maintenant&#038;via=illmatikmag&#038;url=https:\/\/illmatik.com\/V2\/illmatik-2\/\" class=\"post-social-share twitter\">\n\t\t\t\t\t\t\t\t\t<i class=\"thb-icon-twitter\"><\/i>\n\t\t\t\t\t\t\t\t<\/a>\n\t\t\t\t\t\t\t\t\t\t\t\t\t\t\t<a href=\"https:\/\/www.linkedin.com\/cws\/share?url=https:\/\/illmatik.com\/V2\/illmatik-2\/\" class=\"post-social-share linkedin\">\n\t\t\t\t\t\t\t\t\t<i class=\"thb-icon-linkedin\"><\/i>\n\t\t\t\t\t\t\t\t<\/a>\n\t\t\t\t\t\t\t\t\t\t\t\t\t\t\t<a href=\"https:\/\/wa.me\/?text=Demain,%20c&rsquo;est%20maintenant%20https:\/\/illmatik.com\/V2\/illmatik-2\/\" class=\"post-social-share whatsapp\">\n\t\t\t\t\t\t\t\t\t<i class=\"thb-icon-whatsapp\"><\/i>\n\t\t\t\t\t\t\t\t<\/a>\n\t\t\t\t\t\t\t\t\t\t\t\t\t\t\t<a href=\"mailto:?subject=Demain,%20c&rsquo;est%20maintenant&#038;body=Demain,%20c&rsquo;est%20maintenant%20https:\/\/illmatik.com\/V2\/illmatik-2\/\" class=\"post-social-share email\">\n\t\t\t\t\t\t\t\t\t<i class=\"thb-icon-mail\"><\/i>\n\t\t\t\t\t\t\t\t<\/a>\n\t\t\t\t\t\t\t\t\t\t\t\t\t\t\t<a href=\"https:\/\/t.me\/share\/url?&#038;text=Demain,%20c&rsquo;est%20maintenant&#038;url=https:\/\/illmatik.com\/V2\/illmatik-2\/\" class=\"post-social-share telegram\">\n\t\t\t\t\t\t\t\t\t<i class=\"thb-icon-telegram\"><\/i>\n\t\t\t\t\t\t\t\t<\/a>\n\t\t\t\t\t\t\t\t\t\t\t\t\t<\/div>\n\t\t\t\t\t<\/div>\n\t\t\t\t\t\t\t\t\t<\/li>\n\t\t\t\t\t\t\t<\/ul>\n\t\t<\/aside>\n\t\t\t\t<\/div>\n\t<\/div>\n<\/div>\n\t\t<\/div>\n\t\t\t\t\t\t\t\t\t\t\t\t\t\t\t\t\t\t\t\t\t\t\t\t\t\t\t\t\t\t<\/div>\n\t[\/vc_column][\/vc_row]\n<\/section>","protected":false},"excerpt":{"rendered":"<p>[vc_row thb_full_width=\u00a0\u00bbtrue\u00a0\u00bb thb_row_padding=\u00a0\u00bbtrue\u00a0\u00bb thb_column_padding=\u00a0\u00bbtrue\u00a0\u00bb css=\u00a0\u00bb.vc_custom_1692097283536{padding-top: 30px !important;padding-bottom: 30px !important;background-color: #a32e36 !important;}\u00a0\u00bb][vc_column][vc_row_inner][vc_column_inner width=\u00a0\u00bb1\/6&Prime;][\/vc_column_inner][vc_column_inner width=\u00a0\u00bb2\/3&Prime;][vc_column_text] Livres [\/vc_column_text][vc_column_text]Illmatik publie une s\u00e9rie de livres, \u00e9dit\u00e9s par Congo Lobi Lelo, avec l\u2019ambition de d\u00e9crypter et de partager les savoirs et les textes que nous consid\u00e9rons comme importants pour ne pas dire essentiels pour les g\u00e9n\u00e9rations Triple A (Afro, ambitieux, activistes).&hellip;<\/p>\n","protected":false},"author":1,"featured_media":0,"parent":0,"menu_order":0,"comment_status":"closed","ping_status":"closed","template":"page-default.php","meta":{"footnotes":""},"class_list":["post-6881","page","type-page","status-publish","hentry"],"_links":{"self":[{"href":"https:\/\/illmatik.com\/V2\/wp-json\/wp\/v2\/pages\/6881","targetHints":{"allow":["GET"]}}],"collection":[{"href":"https:\/\/illmatik.com\/V2\/wp-json\/wp\/v2\/pages"}],"about":[{"href":"https:\/\/illmatik.com\/V2\/wp-json\/wp\/v2\/types\/page"}],"author":[{"embeddable":true,"href":"https:\/\/illmatik.com\/V2\/wp-json\/wp\/v2\/users\/1"}],"replies":[{"embeddable":true,"href":"https:\/\/illmatik.com\/V2\/wp-json\/wp\/v2\/comments?post=6881"}],"version-history":[{"count":16,"href":"https:\/\/illmatik.com\/V2\/wp-json\/wp\/v2\/pages\/6881\/revisions"}],"predecessor-version":[{"id":7868,"href":"https:\/\/illmatik.com\/V2\/wp-json\/wp\/v2\/pages\/6881\/revisions\/7868"}],"wp:attachment":[{"href":"https:\/\/illmatik.com\/V2\/wp-json\/wp\/v2\/media?parent=6881"}],"curies":[{"name":"wp","href":"https:\/\/api.w.org\/{rel}","templated":true}]}}