{"id":7002,"date":"2022-11-13T13:32:18","date_gmt":"2022-11-13T12:32:18","guid":{"rendered":"https:\/\/illmatik.com\/V2\/?page_id=7002"},"modified":"2023-08-15T19:11:21","modified_gmt":"2023-08-15T17:11:21","slug":"revue","status":"publish","type":"page","link":"https:\/\/illmatik.com\/V2\/revue\/","title":{"rendered":"Revue"},"content":{"rendered":"<section class=\"wpb-content-wrapper\">[vc_row thb_full_width=\u00a0\u00bbtrue\u00a0\u00bb thb_row_padding=\u00a0\u00bbtrue\u00a0\u00bb thb_column_padding=\u00a0\u00bbtrue\u00a0\u00bb css=\u00a0\u00bb.vc_custom_1692097283536{padding-top: 30px !important;padding-bottom: 30px !important;background-color: #a32e36 !important;}\u00a0\u00bb][vc_column][vc_row_inner][vc_column_inner width=\u00a0\u00bb1\/6&Prime;][\/vc_column_inner][vc_column_inner width=\u00a0\u00bb2\/3&Prime;][vc_column_text]\n<h2 style=\"text-align: center;\"><span style=\"color: #ffffff;\">Revue<\/span><\/h2>\n[\/vc_column_text][\/vc_column_inner][vc_column_inner width=\u00a0\u00bb1\/6&Prime;][\/vc_column_inner][\/vc_row_inner][\/vc_column][\/vc_row][vc_row][vc_column width=\u00a0\u00bb2\/3&Prime;][vc_empty_space height=\u00a0\u00bb15px\u00a0\u00bb][vc_column_text]<!-- ipages begin -->\n<div class=\"ipgs-flipbook ipgs-1\" data-json-src=\"https:\/\/illmatik.com\/V2\/wp-json\/ipages\/v1\/item\/1\" data-item-id=\"1\" style=\"display:none;\">\n<\/div>\n<!-- ipages end -->\n[\/vc_column_text][\/vc_column][vc_column width=\u00a0\u00bb1\/3&Prime;][vc_empty_space height=\u00a0\u00bb15px\u00a0\u00bb]\t<div class=\"thb_title  style8  text-left\" id=\"thb-title-69e22cd0217b8\">\n\t<div class=\"thb_title_inner\">\n\t\t\t\t\t\t<h2>PROJET EDITORIAL<\/h2>\n\t\t\t\t\t<\/div>\n\t\t\t<\/div>\n\t[vc_column_text]<strong>Illmatik<\/strong> est aussi un magazine papier qui expose les id\u00e9es et contributions des Afros sur : le futur du business et de l\u2019innovation, l\u2019\u00e9volution des mouvements culturels et tendances soci\u00e9tales, les enjeux de carri\u00e8re et de la vie active, les questions de g\u00e9opolitique et de d\u00e9veloppement, la place de l\u2019activisme et de l\u2019engagement social.<\/p>\n<p>Utile, intelligent, s\u00e9duisant et stimulant, <strong>Illmatik<\/strong> accompagne et motive les membres de la g\u00e9n\u00e9ration Triple A dans le d\u00e9veloppement de leurs vies professionnelles, sociales, culturelles et personnelles. Et cela, selon leurs propres normes.[\/vc_column_text][\/vc_column][\/vc_row]\n<\/section>","protected":false},"excerpt":{"rendered":"<p>[vc_row thb_full_width=\u00a0\u00bbtrue\u00a0\u00bb thb_row_padding=\u00a0\u00bbtrue\u00a0\u00bb thb_column_padding=\u00a0\u00bbtrue\u00a0\u00bb css=\u00a0\u00bb.vc_custom_1692097283536{padding-top: 30px !important;padding-bottom: 30px !important;background-color: #a32e36 !important;}\u00a0\u00bb][vc_column][vc_row_inner][vc_column_inner width=\u00a0\u00bb1\/6&Prime;][\/vc_column_inner][vc_column_inner width=\u00a0\u00bb2\/3&Prime;][vc_column_text] Revue [\/vc_column_text][\/vc_column_inner][vc_column_inner width=\u00a0\u00bb1\/6&Prime;][\/vc_column_inner][\/vc_row_inner][\/vc_column][\/vc_row][vc_row][vc_column width=\u00a0\u00bb2\/3&Prime;][vc_empty_space height=\u00a0\u00bb15px\u00a0\u00bb][vc_column_text][\/vc_column_text][\/vc_column][vc_column width=\u00a0\u00bb1\/3&Prime;][vc_empty_space height=\u00a0\u00bb15px\u00a0\u00bb][vc_column_text]Illmatik est aussi un magazine papier qui expose les id\u00e9es et contributions des Afros sur : le futur du business et de l\u2019innovation, l\u2019\u00e9volution des mouvements culturels et tendances soci\u00e9tales, les enjeux de carri\u00e8re et de&hellip;<\/p>\n","protected":false},"author":1,"featured_media":0,"parent":0,"menu_order":0,"comment_status":"closed","ping_status":"closed","template":"page-default.php","meta":{"footnotes":""},"class_list":["post-7002","page","type-page","status-publish","hentry"],"_links":{"self":[{"href":"https:\/\/illmatik.com\/V2\/wp-json\/wp\/v2\/pages\/7002","targetHints":{"allow":["GET"]}}],"collection":[{"href":"https:\/\/illmatik.com\/V2\/wp-json\/wp\/v2\/pages"}],"about":[{"href":"https:\/\/illmatik.com\/V2\/wp-json\/wp\/v2\/types\/page"}],"author":[{"embeddable":true,"href":"https:\/\/illmatik.com\/V2\/wp-json\/wp\/v2\/users\/1"}],"replies":[{"embeddable":true,"href":"https:\/\/illmatik.com\/V2\/wp-json\/wp\/v2\/comments?post=7002"}],"version-history":[{"count":11,"href":"https:\/\/illmatik.com\/V2\/wp-json\/wp\/v2\/pages\/7002\/revisions"}],"predecessor-version":[{"id":7449,"href":"https:\/\/illmatik.com\/V2\/wp-json\/wp\/v2\/pages\/7002\/revisions\/7449"}],"wp:attachment":[{"href":"https:\/\/illmatik.com\/V2\/wp-json\/wp\/v2\/media?parent=7002"}],"curies":[{"name":"wp","href":"https:\/\/api.w.org\/{rel}","templated":true}]}}