{"id":7383,"date":"2023-08-15T14:39:12","date_gmt":"2023-08-15T12:39:12","guid":{"rendered":"https:\/\/illmatik.com\/V2\/?page_id=7383"},"modified":"2023-08-15T15:08:44","modified_gmt":"2023-08-15T13:08:44","slug":"illmatik-2","status":"publish","type":"page","link":"https:\/\/illmatik.com\/V2\/illmatik-2\/","title":{"rendered":"Demain, c&rsquo;est maintenant"},"content":{"rendered":"<section class=\"wpb-content-wrapper\">[vc_row thb_full_width=\u00a0\u00bbtrue\u00a0\u00bb thb_row_padding=\u00a0\u00bbtrue\u00a0\u00bb thb_column_padding=\u00a0\u00bbtrue\u00a0\u00bb css=\u00a0\u00bb.vc_custom_1692097283536{padding-top: 30px !important;padding-bottom: 30px !important;background-color: #a32e36 !important;}\u00a0\u00bb][vc_column][vc_row_inner][vc_column_inner width=\u00a0\u00bb1\/6&Prime;][\/vc_column_inner][vc_column_inner width=\u00a0\u00bb2\/3&Prime;][vc_column_text]\n<h2 style=\"text-align: center;\"><span style=\"color: #ffffff;\">Demain, c&rsquo;est maintenant<\/span><\/h2>\n[\/vc_column_text][\/vc_column_inner][vc_column_inner width=\u00a0\u00bb1\/6&Prime;][\/vc_column_inner][\/vc_row_inner][\/vc_column][\/vc_row][vc_row][vc_column][vc_empty_space height=\u00a0\u00bb10px\u00a0\u00bb][\/vc_column][\/vc_row][vc_row][vc_column width=\u00a0\u00bb1\/2&Prime;][vc_single_image image=\u00a0\u00bb7298&Prime; img_size=\u00a0\u00bblarge\u00a0\u00bb onclick=\u00a0\u00bbcustom_link\u00a0\u00bb link=\u00a0\u00bbhttps:\/\/www.amazon.fr\/Demain-cest-maintenant-Panafricanisme-africain\/dp\/2957698129\/\u00a0\u00bb][\/vc_column][vc_column width=\u00a0\u00bb1\/2&Prime;][vc_column_text]<strong>Panafricanisme, \u00e9thique du passant et devenir africain<\/strong><\/p>\n<p>La collection Illmatik de Congo Lobi Lelo a pour ambition de d\u00e9crypter et de partager les savoirs et les textes que nous consid\u00e9rons comme importants pour ne pas dire essentiels pour les g\u00e9n\u00e9rations Triple A (Afro, ambitieux, activistes). Produite sous formes d\u2019interviews, elle s\u2019attache \u00e0 proposer et \u00e0 diffuser, \u00e0 travers des formats courts, des id\u00e9es africaines qui nous font avancer.<\/p>\n<p>Dans cette deuxi\u00e8me \u00e9dition de la collection, nous avons d\u00e9cid\u00e9 de d\u00e9crypter, exposer et discuter les textes suivants : Africa Unite! Une histoire du panafricanisme d\u2019Amzat Boukari-Yabara et Politiques d\u2019inimiti\u00e9 d\u2019Achille Mbembe. Deux textes qui interpellent non seulement par leur \u00e9clairage historique et regard critique sur l\u2019Afrique et le monde d\u2019hier et d\u2019aujourd\u2019hui. Deux textes, surtout, qui apportent des pistes de r\u00e9flexion et d\u2019actions sur le devenir africain, tant au niveau des pays que des populations.<\/p>\n<p>La solution du Panafricanisme pour l\u2019un, l\u2019\u00e9thique du passant et les r\u00e9gimes de circulation pour l\u2019autre. Il est important d\u2019y r\u00e9fl\u00e9chir et d\u2019en d\u00e9battre. Les r\u00e9alit\u00e9s de la g\u00e9opolitique mondiale nous l\u2019exigent. Notre avenir commun, en tant qu\u2019africains, nous l\u2019impose. Parce que demain, c\u2019est maintenant.<\/p>\n<p><a href=\"https:\/\/www.amazon.fr\/Demain-cest-maintenant-Panafricanisme-africain\/dp\/2957698129\/\"><strong>Sortie: Juillet 2023<\/strong><\/a>[\/vc_column_text][\/vc_column][\/vc_row][vc_row][vc_column][vc_separator color=\u00a0\u00bbblack\u00a0\u00bb][vc_empty_space height=\u00a0\u00bb10px\u00a0\u00bb][\/vc_column][\/vc_row][vc_row][vc_column width=\u00a0\u00bb2\/3&Prime;][vc_single_image image=\u00a0\u00bb7312&Prime; img_size=\u00a0\u00bblarge\u00a0\u00bb add_caption=\u00a0\u00bbyes\u00a0\u00bb onclick=\u00a0\u00bbcustom_link\u00a0\u00bb img_link_target=\u00a0\u00bb_blank\u00a0\u00bb link=\u00a0\u00bbhttps:\/\/www.amazon.fr\/Demain-cest-maintenant-Panafricanisme-africain\/dp\/2957698129\/\u00a0\u00bb][\/vc_column][vc_column width=\u00a0\u00bb1\/3&Prime;][vc_column_text]\n<p><strong>Cr\u00e9dits<\/strong><br \/>\nAuteur: Achille Mbembe, Amzat Boukari-Yabara<br \/>\nEditeur: Patrick Esimba Ifonge<br \/>\nConception &amp; r\u00e9alisation: Congo Lobi Lelo<\/p>\n<p>&#8212;&#8212;<br \/>\n<strong>El\u00e9ments techniques<\/strong><\/p>\n<p>ISBN : 9782957698127<br \/>\nDimensions : 120*190 mm<br \/>\nNombre de pages : 96 pages<br \/>\nPrix : 14 euros (version papier), 6,99 euros (version num\u00e9rique)<\/p>\n<p>&#8212;&#8212;<br \/>\n<strong>Points de vente<\/strong><\/p>\n<p>&#8211; <a href=\"https:\/\/www.amazon.fr\/Demain-cest-maintenant-Panafricanisme-africain-ebook\/dp\/B0CB6LPLMG\/\" target=\"_blank\" rel=\"noopener\">Amazon (versions papier et num\u00e9rique)<\/a><\/p>\n[\/vc_column_text][\/vc_column][\/vc_row]\n<\/section>","protected":false},"excerpt":{"rendered":"<p>[vc_row thb_full_width=\u00a0\u00bbtrue\u00a0\u00bb thb_row_padding=\u00a0\u00bbtrue\u00a0\u00bb thb_column_padding=\u00a0\u00bbtrue\u00a0\u00bb css=\u00a0\u00bb.vc_custom_1692097283536{padding-top: 30px !important;padding-bottom: 30px !important;background-color: #a32e36 !important;}\u00a0\u00bb][vc_column][vc_row_inner][vc_column_inner width=\u00a0\u00bb1\/6&Prime;][\/vc_column_inner][vc_column_inner width=\u00a0\u00bb2\/3&Prime;][vc_column_text] Demain, c&rsquo;est maintenant [\/vc_column_text][\/vc_column_inner][vc_column_inner width=\u00a0\u00bb1\/6&Prime;][\/vc_column_inner][\/vc_row_inner][\/vc_column][\/vc_row][vc_row][vc_column][vc_empty_space height=\u00a0\u00bb10px\u00a0\u00bb][\/vc_column][\/vc_row][vc_row][vc_column width=\u00a0\u00bb1\/2&Prime;][vc_single_image image=\u00a0\u00bb7298&Prime; img_size=\u00a0\u00bblarge\u00a0\u00bb onclick=\u00a0\u00bbcustom_link\u00a0\u00bb link=\u00a0\u00bbhttps:\/\/www.amazon.fr\/Demain-cest-maintenant-Panafricanisme-africain\/dp\/2957698129\/\u00a0\u00bb][\/vc_column][vc_column width=\u00a0\u00bb1\/2&Prime;][vc_column_text]Panafricanisme, \u00e9thique du passant et devenir africain La collection Illmatik de Congo Lobi Lelo a pour ambition de d\u00e9crypter et de partager les savoirs et les textes que nous consid\u00e9rons comme&hellip;<\/p>\n","protected":false},"author":1,"featured_media":7325,"parent":0,"menu_order":0,"comment_status":"closed","ping_status":"closed","template":"page-default.php","meta":{"footnotes":""},"class_list":["post-7383","page","type-page","status-publish","has-post-thumbnail","hentry"],"_links":{"self":[{"href":"https:\/\/illmatik.com\/V2\/wp-json\/wp\/v2\/pages\/7383","targetHints":{"allow":["GET"]}}],"collection":[{"href":"https:\/\/illmatik.com\/V2\/wp-json\/wp\/v2\/pages"}],"about":[{"href":"https:\/\/illmatik.com\/V2\/wp-json\/wp\/v2\/types\/page"}],"author":[{"embeddable":true,"href":"https:\/\/illmatik.com\/V2\/wp-json\/wp\/v2\/users\/1"}],"replies":[{"embeddable":true,"href":"https:\/\/illmatik.com\/V2\/wp-json\/wp\/v2\/comments?post=7383"}],"version-history":[{"count":8,"href":"https:\/\/illmatik.com\/V2\/wp-json\/wp\/v2\/pages\/7383\/revisions"}],"predecessor-version":[{"id":7404,"href":"https:\/\/illmatik.com\/V2\/wp-json\/wp\/v2\/pages\/7383\/revisions\/7404"}],"wp:featuredmedia":[{"embeddable":true,"href":"https:\/\/illmatik.com\/V2\/wp-json\/wp\/v2\/media\/7325"}],"wp:attachment":[{"href":"https:\/\/illmatik.com\/V2\/wp-json\/wp\/v2\/media?parent=7383"}],"curies":[{"name":"wp","href":"https:\/\/api.w.org\/{rel}","templated":true}]}}