{"id":7407,"date":"2023-08-15T15:20:04","date_gmt":"2023-08-15T13:20:04","guid":{"rendered":"https:\/\/illmatik.com\/V2\/?page_id=7407"},"modified":"2023-08-15T15:22:11","modified_gmt":"2023-08-15T13:22:11","slug":"illmatik-1","status":"publish","type":"page","link":"https:\/\/illmatik.com\/V2\/illmatik-1\/","title":{"rendered":"Pour nous reconstruire&#8230;"},"content":{"rendered":"<section class=\"wpb-content-wrapper\">[vc_row thb_full_width=\u00a0\u00bbtrue\u00a0\u00bb thb_row_padding=\u00a0\u00bbtrue\u00a0\u00bb thb_column_padding=\u00a0\u00bbtrue\u00a0\u00bb css=\u00a0\u00bb.vc_custom_1692097283536{padding-top: 30px !important;padding-bottom: 30px !important;background-color: #a32e36 !important;}\u00a0\u00bb][vc_column][vc_row_inner][vc_column_inner width=\u00a0\u00bb1\/6&Prime;][\/vc_column_inner][vc_column_inner width=\u00a0\u00bb2\/3&Prime;][vc_column_text]\n<h2 style=\"text-align: center;\"><span style=\"color: #ffffff;\">Pour nous reconstruire&#8230;<\/span><\/h2>\n[\/vc_column_text][\/vc_column_inner][vc_column_inner width=\u00a0\u00bb1\/6&Prime;][\/vc_column_inner][\/vc_row_inner][\/vc_column][\/vc_row][vc_row][vc_column][vc_empty_space height=\u00a0\u00bb10px\u00a0\u00bb][\/vc_column][\/vc_row][vc_row][vc_column width=\u00a0\u00bb1\/2&Prime;][vc_single_image image=\u00a0\u00bb7408&Prime; img_size=\u00a0\u00bblarge\u00a0\u00bb onclick=\u00a0\u00bbcustom_link\u00a0\u00bb link=\u00a0\u00bbhttps:\/\/www.amazon.fr\/Pour-nous-reconstruire-redevenir-nous-m%C3%AAmes\/dp\/2956563009\/\u00a0\u00bb][\/vc_column][vc_column width=\u00a0\u00bb1\/2&Prime;][vc_column_text]<strong>Pour nous reconstruire et redevenir nous-m\u00eames<\/strong><br \/>\n<em>Entretien avec Bwemba Bong<\/em><br \/>\nLe Professeur Bwemba Bong, auteur du livre Quand l\u2019africain \u00e9tait l\u2019or noir de l\u2019Europe, d\u00e9crypte l\u2019impact et les cons\u00e9quences des razzias n\u00e9gri\u00e8res sur les r\u00e9alit\u00e9s des africains et noirs aujourd\u2019hui, expose les cl\u00e9s de la renaissance africaine et explique pourquoi nous devons nous reconstruire en tant que peuple.<\/p>\n<p><strong>Pour redonner du sens \u00e0 la tradition<\/strong><br \/>\n<em>Entretien avec Souleymane Bachir Diagne<\/em><br \/>\nEt si l\u2019avenir \u00e0 cr\u00e9er nous commandait de faire autrement qu\u2019on ne faisait dans le pass\u00e9 ? Le philosophe Souleymane Bachir Diagne, auteur notamment de l\u2019essai L\u2019avenir de la tradition explique pourquoi le sens de nos actions doit nous \u00eatre dict\u00e9 par l\u2019avenir que nous avons \u00e0 faire, et non par ce que l\u2019on consid\u00e8re \u00eatre le pass\u00e9 et la tradition.<\/p>\n<p><a href=\"https:\/\/www.amazon.fr\/Pour-nous-reconstruire-redevenir-nous-m%C3%AAmes\/dp\/2956563009\/\"><strong>Sortie: Septembre 2019.<\/strong><\/a>[\/vc_column_text][\/vc_column][\/vc_row][vc_row][vc_column][vc_separator color=\u00a0\u00bbblack\u00a0\u00bb][vc_empty_space height=\u00a0\u00bb10px\u00a0\u00bb][\/vc_column][\/vc_row][vc_row][vc_column width=\u00a0\u00bb2\/3&Prime;][vc_single_image image=\u00a0\u00bb7323&Prime; img_size=\u00a0\u00bblarge\u00a0\u00bb add_caption=\u00a0\u00bbyes\u00a0\u00bb onclick=\u00a0\u00bbcustom_link\u00a0\u00bb img_link_target=\u00a0\u00bb_blank\u00a0\u00bb link=\u00a0\u00bbhttps:\/\/www.amazon.fr\/Pour-nous-reconstruire-redevenir-nous-m%C3%AAmes\/dp\/2956563009\/\u00a0\u00bb][\/vc_column][vc_column width=\u00a0\u00bb1\/3&Prime;][vc_column_text]<strong>Cr\u00e9dits<\/strong><br \/>\nAuteurs : Bwemba Bong; Souleymane Bachir Diagne<br \/>\nEditeur: Congo Lobi Lelo<br \/>\nConception &amp; r\u00e9alisation: Congo Lobi Lelo<\/p>\n<p>&#8212;&#8212;<br \/>\n<strong>El\u00e9ments techniques<\/strong><\/p>\n<p>ISBN : 978-2-9565630-0-6 (version papier), 978-2-9565630-1- (version num\u00e9rique)<br \/>\nDimensions : 120*190 mm<br \/>\nNombre de pages : 80 pages<br \/>\nPrix : 9 euros (version papier), 4,99 euros (version num\u00e9rique)[\/vc_column_text][\/vc_column][\/vc_row]\n<\/section>","protected":false},"excerpt":{"rendered":"<p>[vc_row thb_full_width=\u00a0\u00bbtrue\u00a0\u00bb thb_row_padding=\u00a0\u00bbtrue\u00a0\u00bb thb_column_padding=\u00a0\u00bbtrue\u00a0\u00bb css=\u00a0\u00bb.vc_custom_1692097283536{padding-top: 30px !important;padding-bottom: 30px !important;background-color: #a32e36 !important;}\u00a0\u00bb][vc_column][vc_row_inner][vc_column_inner width=\u00a0\u00bb1\/6&Prime;][\/vc_column_inner][vc_column_inner width=\u00a0\u00bb2\/3&Prime;][vc_column_text] Pour nous reconstruire&#8230; [\/vc_column_text][\/vc_column_inner][vc_column_inner width=\u00a0\u00bb1\/6&Prime;][\/vc_column_inner][\/vc_row_inner][\/vc_column][\/vc_row][vc_row][vc_column][vc_empty_space height=\u00a0\u00bb10px\u00a0\u00bb][\/vc_column][\/vc_row][vc_row][vc_column width=\u00a0\u00bb1\/2&Prime;][vc_single_image image=\u00a0\u00bb7408&Prime; img_size=\u00a0\u00bblarge\u00a0\u00bb onclick=\u00a0\u00bbcustom_link\u00a0\u00bb link=\u00a0\u00bbhttps:\/\/www.amazon.fr\/Pour-nous-reconstruire-redevenir-nous-m%C3%AAmes\/dp\/2956563009\/\u00a0\u00bb][\/vc_column][vc_column width=\u00a0\u00bb1\/2&Prime;][vc_column_text]Pour nous reconstruire et redevenir nous-m\u00eames Entretien avec Bwemba Bong Le Professeur Bwemba Bong, auteur du livre Quand l\u2019africain \u00e9tait l\u2019or noir de l\u2019Europe, d\u00e9crypte l\u2019impact et les cons\u00e9quences des razzias&hellip;<\/p>\n","protected":false},"author":1,"featured_media":7324,"parent":0,"menu_order":0,"comment_status":"closed","ping_status":"closed","template":"page-default.php","meta":{"footnotes":""},"class_list":["post-7407","page","type-page","status-publish","has-post-thumbnail","hentry"],"_links":{"self":[{"href":"https:\/\/illmatik.com\/V2\/wp-json\/wp\/v2\/pages\/7407","targetHints":{"allow":["GET"]}}],"collection":[{"href":"https:\/\/illmatik.com\/V2\/wp-json\/wp\/v2\/pages"}],"about":[{"href":"https:\/\/illmatik.com\/V2\/wp-json\/wp\/v2\/types\/page"}],"author":[{"embeddable":true,"href":"https:\/\/illmatik.com\/V2\/wp-json\/wp\/v2\/users\/1"}],"replies":[{"embeddable":true,"href":"https:\/\/illmatik.com\/V2\/wp-json\/wp\/v2\/comments?post=7407"}],"version-history":[{"count":3,"href":"https:\/\/illmatik.com\/V2\/wp-json\/wp\/v2\/pages\/7407\/revisions"}],"predecessor-version":[{"id":7411,"href":"https:\/\/illmatik.com\/V2\/wp-json\/wp\/v2\/pages\/7407\/revisions\/7411"}],"wp:featuredmedia":[{"embeddable":true,"href":"https:\/\/illmatik.com\/V2\/wp-json\/wp\/v2\/media\/7324"}],"wp:attachment":[{"href":"https:\/\/illmatik.com\/V2\/wp-json\/wp\/v2\/media?parent=7407"}],"curies":[{"name":"wp","href":"https:\/\/api.w.org\/{rel}","templated":true}]}}