{"id":7887,"date":"2025-10-24T11:02:44","date_gmt":"2025-10-24T09:02:44","guid":{"rendered":"https:\/\/illmatik.com\/V2\/?page_id=7887"},"modified":"2025-10-24T11:03:55","modified_gmt":"2025-10-24T09:03:55","slug":"be","status":"publish","type":"page","link":"https:\/\/illmatik.com\/V2\/be\/","title":{"rendered":"Business"},"content":{"rendered":"<section class=\"wpb-content-wrapper\">[vc_row thb_full_width=\u00a0\u00bbtrue\u00a0\u00bb thb_row_padding=\u00a0\u00bbtrue\u00a0\u00bb thb_column_padding=\u00a0\u00bbtrue\u00a0\u00bb css=\u00a0\u00bb.vc_custom_1692097283536{padding-top: 30px !important;padding-bottom: 30px !important;background-color: #a32e36 !important;}\u00a0\u00bb][vc_column][vc_row_inner][vc_column_inner width=\u00a0\u00bb1\/6&Prime;][\/vc_column_inner][vc_column_inner width=\u00a0\u00bb2\/3&Prime;][vc_column_text]\n<h2 style=\"text-align: center;\"><span style=\"color: #ffffff;\">BUSINESS &amp; ENTREPRISES<\/span><\/h2>\n[\/vc_column_text][\/vc_column_inner][vc_column_inner width=\u00a0\u00bb1\/6&Prime;][\/vc_column_inner][\/vc_row_inner][\/vc_column][\/vc_row][vc_row][vc_column][vc_column_text]\n[\/vc_column_text][\/vc_column][\/vc_row][vc_row][vc_column]\t\t<div class=\"thb-post-grid thb-post-grid-style1-left row   pagination-true ajaxify-pagination\" data-loadmore=\"#loadmore-92\" data-rand=\"92\" data-security=\"d887ce2648\">\n\t\t\t\t\t\t\t\t\t\t\t\t<div class=\"small-12 medium-4 columns\">\n\t\t\t\t\t\t<div class=\"post style1 post-7460 type-post status-publish format-standard has-post-thumbnail hentry category-news category-economie\">\n\t<figure class=\"post-gallery\">\n\t\t\t\t<a href=\"https:\/\/illmatik.com\/V2\/le-mythe-de-lexcellence\/\"><img loading=\"lazy\" decoding=\"async\" width=\"740\" height=\"600\" src=\"https:\/\/illmatik.com\/V2\/wp-content\/uploads\/2023\/08\/standout-20x16.jpg\" class=\"attachment-theissue-squaresmall-x2 size-theissue-squaresmall-x2 thb-lazyload lazyload wp-post-image\" alt=\"\" sizes=\"auto, (max-width: 740px) 100vw, 740px\" data-src=\"https:\/\/illmatik.com\/V2\/wp-content\/uploads\/2023\/08\/standout-740x600.jpg\" data-sizes=\"auto\" data-srcset=\"https:\/\/illmatik.com\/V2\/wp-content\/uploads\/2023\/08\/standout-740x600.jpg 740w, https:\/\/illmatik.com\/V2\/wp-content\/uploads\/2023\/08\/standout-370x300.jpg 370w, https:\/\/illmatik.com\/V2\/wp-content\/uploads\/2023\/08\/standout-20x16.jpg 20w\" \/><\/a>\n\t<\/figure>\n\t\t\t<aside class=\"post-category \">\n\t\t\t<a href=\"https:\/\/illmatik.com\/V2\/category\/rubriques\/news\/\" rel=\"category tag\">Br\u00e8ves<\/a><i>, <\/i> <a href=\"https:\/\/illmatik.com\/V2\/category\/enjeux\/economie\/\" rel=\"category tag\">Business &amp; entreprises<\/a>\t\t<\/aside>\n\t\t\t<div class=\"post-title\"><h5><a href=\"https:\/\/illmatik.com\/V2\/le-mythe-de-lexcellence\/\" title=\"Le mythe de l&rsquo;excellence\"><span>Le mythe de l&rsquo;excellence<\/span><\/a><\/h5><\/div>\t\t\t\t\t\t<aside class=\"thb-post-bottom\">\n\t\t\t\t\t\t<ul>\n\t\t\t\t\t\t\t\t<li class=\"post-date\">15 janvier 2023<\/li>\n\t\t\t\t\t\t\t\t\t\t\t\t<li class=\"post-read\">1 min Read<\/li>\n\t\t\t\t\t\t\t\t\t\t\t\t<li class=\"post-share\">0 Shares\t\t\t\t\t\t\t\t\t\t<div class=\"post-share-bubble\">\n\t\t\t\t\t\t<div class=\"post-share-icons\">\n\t\t\t\t\t\t\t\t\t\t\t\t\t\t<a href=\"https:\/\/www.facebook.com\/sharer.php?u=https:\/\/illmatik.com\/V2\/le-mythe-de-lexcellence\/\" class=\"post-social-share facebook\">\n\t\t\t\t\t\t\t\t\t<i class=\"thb-icon-facebook\"><\/i>\n\t\t\t\t\t\t\t\t<\/a>\n\t\t\t\t\t\t\t\t\t\t\t\t\t\t\t<a href=\"https:\/\/twitter.com\/intent\/tweet?text=Le%20mythe%20de%20l&rsquo;excellence&#038;via=illmatikmag&#038;url=https:\/\/illmatik.com\/V2\/le-mythe-de-lexcellence\/\" class=\"post-social-share twitter\">\n\t\t\t\t\t\t\t\t\t<i class=\"thb-icon-twitter\"><\/i>\n\t\t\t\t\t\t\t\t<\/a>\n\t\t\t\t\t\t\t\t\t\t\t\t\t\t\t<a href=\"https:\/\/www.linkedin.com\/cws\/share?url=https:\/\/illmatik.com\/V2\/le-mythe-de-lexcellence\/\" class=\"post-social-share linkedin\">\n\t\t\t\t\t\t\t\t\t<i class=\"thb-icon-linkedin\"><\/i>\n\t\t\t\t\t\t\t\t<\/a>\n\t\t\t\t\t\t\t\t\t\t\t\t\t\t\t<a href=\"https:\/\/wa.me\/?text=Le%20mythe%20de%20l&rsquo;excellence%20https:\/\/illmatik.com\/V2\/le-mythe-de-lexcellence\/\" class=\"post-social-share whatsapp\">\n\t\t\t\t\t\t\t\t\t<i class=\"thb-icon-whatsapp\"><\/i>\n\t\t\t\t\t\t\t\t<\/a>\n\t\t\t\t\t\t\t\t\t\t\t\t\t\t\t<a href=\"mailto:?subject=Le%20mythe%20de%20l&rsquo;excellence&#038;body=Le%20mythe%20de%20l&rsquo;excellence%20https:\/\/illmatik.com\/V2\/le-mythe-de-lexcellence\/\" class=\"post-social-share email\">\n\t\t\t\t\t\t\t\t\t<i class=\"thb-icon-mail\"><\/i>\n\t\t\t\t\t\t\t\t<\/a>\n\t\t\t\t\t\t\t\t\t\t\t\t\t\t\t<a href=\"https:\/\/t.me\/share\/url?&#038;text=Le%20mythe%20de%20l&rsquo;excellence&#038;url=https:\/\/illmatik.com\/V2\/le-mythe-de-lexcellence\/\" class=\"post-social-share telegram\">\n\t\t\t\t\t\t\t\t\t<i class=\"thb-icon-telegram\"><\/i>\n\t\t\t\t\t\t\t\t<\/a>\n\t\t\t\t\t\t\t\t\t\t\t\t\t<\/div>\n\t\t\t\t\t<\/div>\n\t\t\t\t\t\t\t\t\t<\/li>\n\t\t\t\t\t\t\t<\/ul>\n\t\t<\/aside>\n\t\t<\/div>\n\t\t<\/div>\n\t\t\t\t\t\t\t\t\t\t\t\t\t\t\t\t\t\t\t\t\t\t\t\t\t\t\t\t\t\t\t\t\t\t\t\t\t\t\t\t<div class=\"small-12 medium-4 columns\">\n\t\t\t\t\t\t<div class=\"post style1 post-7042 type-post status-publish format-standard has-post-thumbnail hentry category-analyses-opinions category-economie category-politique category-publications\">\n\t<figure class=\"post-gallery\">\n\t\t\t\t<a href=\"https:\/\/illmatik.com\/V2\/la-question-de-la-terre\/\"><img loading=\"lazy\" decoding=\"async\" width=\"740\" height=\"416\" src=\"https:\/\/illmatik.com\/V2\/wp-content\/uploads\/2022\/11\/Atlantic-TGTR.jpg\" class=\"attachment-theissue-squaresmall-x2 size-theissue-squaresmall-x2 thb-lazyload lazyload wp-post-image\" alt=\"\" sizes=\"auto, (max-width: 740px) 100vw, 740px\" data-src=\"https:\/\/illmatik.com\/V2\/wp-content\/uploads\/2022\/11\/Atlantic-TGTR.jpg\" data-sizes=\"auto\" data-srcset=\"https:\/\/illmatik.com\/V2\/wp-content\/uploads\/2022\/11\/Atlantic-TGTR.jpg 1280w, https:\/\/illmatik.com\/V2\/wp-content\/uploads\/2022\/11\/Atlantic-TGTR-600x338.jpg 600w, https:\/\/illmatik.com\/V2\/wp-content\/uploads\/2022\/11\/Atlantic-TGTR-300x169.jpg 300w\" \/><\/a>\n\t<\/figure>\n\t\t\t<aside class=\"post-category \">\n\t\t\t<a href=\"https:\/\/illmatik.com\/V2\/category\/rubriques\/analyses-opinions\/\" rel=\"category tag\">Analyses &amp; Opinions<\/a><i>, <\/i> <a href=\"https:\/\/illmatik.com\/V2\/category\/enjeux\/economie\/\" rel=\"category tag\">Business &amp; entreprises<\/a><i>, <\/i> <a href=\"https:\/\/illmatik.com\/V2\/category\/enjeux\/politique\/\" rel=\"category tag\">G\u00e9opolitique &amp; d\u00e9veloppement<\/a><i>, <\/i> <a href=\"https:\/\/illmatik.com\/V2\/category\/magazine\/publications\/\" rel=\"category tag\">Publications<\/a>\t\t<\/aside>\n\t\t\t<div class=\"post-title\"><h5><a href=\"https:\/\/illmatik.com\/V2\/la-question-de-la-terre\/\" title=\"La question de la terre\"><span>La question de la terre<\/span><\/a><\/h5><\/div>\t\t\t\t\t\t<aside class=\"thb-post-bottom\">\n\t\t\t\t\t\t<ul>\n\t\t\t\t\t\t\t\t<li class=\"post-date\">13 novembre 2022<\/li>\n\t\t\t\t\t\t\t\t\t\t\t\t<li class=\"post-read\">2 mins Read<\/li>\n\t\t\t\t\t\t\t\t\t\t\t\t<li class=\"post-share\">0 Shares\t\t\t\t\t\t\t\t\t\t<div class=\"post-share-bubble\">\n\t\t\t\t\t\t<div class=\"post-share-icons\">\n\t\t\t\t\t\t\t\t\t\t\t\t\t\t<a href=\"https:\/\/www.facebook.com\/sharer.php?u=https:\/\/illmatik.com\/V2\/la-question-de-la-terre\/\" class=\"post-social-share facebook\">\n\t\t\t\t\t\t\t\t\t<i class=\"thb-icon-facebook\"><\/i>\n\t\t\t\t\t\t\t\t<\/a>\n\t\t\t\t\t\t\t\t\t\t\t\t\t\t\t<a href=\"https:\/\/twitter.com\/intent\/tweet?text=La%20question%20de%20la%20terre&#038;via=illmatikmag&#038;url=https:\/\/illmatik.com\/V2\/la-question-de-la-terre\/\" class=\"post-social-share twitter\">\n\t\t\t\t\t\t\t\t\t<i class=\"thb-icon-twitter\"><\/i>\n\t\t\t\t\t\t\t\t<\/a>\n\t\t\t\t\t\t\t\t\t\t\t\t\t\t\t<a href=\"https:\/\/www.linkedin.com\/cws\/share?url=https:\/\/illmatik.com\/V2\/la-question-de-la-terre\/\" class=\"post-social-share linkedin\">\n\t\t\t\t\t\t\t\t\t<i class=\"thb-icon-linkedin\"><\/i>\n\t\t\t\t\t\t\t\t<\/a>\n\t\t\t\t\t\t\t\t\t\t\t\t\t\t\t<a href=\"https:\/\/wa.me\/?text=La%20question%20de%20la%20terre%20https:\/\/illmatik.com\/V2\/la-question-de-la-terre\/\" class=\"post-social-share whatsapp\">\n\t\t\t\t\t\t\t\t\t<i class=\"thb-icon-whatsapp\"><\/i>\n\t\t\t\t\t\t\t\t<\/a>\n\t\t\t\t\t\t\t\t\t\t\t\t\t\t\t<a href=\"mailto:?subject=La%20question%20de%20la%20terre&#038;body=La%20question%20de%20la%20terre%20https:\/\/illmatik.com\/V2\/la-question-de-la-terre\/\" class=\"post-social-share email\">\n\t\t\t\t\t\t\t\t\t<i class=\"thb-icon-mail\"><\/i>\n\t\t\t\t\t\t\t\t<\/a>\n\t\t\t\t\t\t\t\t\t\t\t\t\t\t\t<a href=\"https:\/\/t.me\/share\/url?&#038;text=La%20question%20de%20la%20terre&#038;url=https:\/\/illmatik.com\/V2\/la-question-de-la-terre\/\" class=\"post-social-share telegram\">\n\t\t\t\t\t\t\t\t\t<i class=\"thb-icon-telegram\"><\/i>\n\t\t\t\t\t\t\t\t<\/a>\n\t\t\t\t\t\t\t\t\t\t\t\t\t<\/div>\n\t\t\t\t\t<\/div>\n\t\t\t\t\t\t\t\t\t<\/li>\n\t\t\t\t\t\t\t<\/ul>\n\t\t<\/aside>\n\t\t<\/div>\n\t\t<\/div>\n\t\t\t\t\t\t\t\t\t\t\t\t\t\t\t\t\t\t\t\t\t\t\t\t\t\t\t\t\t\t\t\t\t\t\t\t\t\t\t\t<div class=\"small-12 medium-4 columns\">\n\t\t\t\t\t\t<div class=\"post style1 post-7084 type-post status-publish format-standard has-post-thumbnail hentry category-analyses-opinions category-economie category-films\">\n\t<figure class=\"post-gallery\">\n\t\t\t\t<a href=\"https:\/\/illmatik.com\/V2\/the-banker-ou-combattre-dans-la-paix\/\"><img loading=\"lazy\" decoding=\"async\" width=\"740\" height=\"416\" src=\"https:\/\/illmatik.com\/V2\/wp-content\/uploads\/2022\/11\/Banker-2.jpg\" class=\"attachment-theissue-squaresmall-x2 size-theissue-squaresmall-x2 thb-lazyload lazyload wp-post-image\" alt=\"\" sizes=\"auto, (max-width: 740px) 100vw, 740px\" data-src=\"https:\/\/illmatik.com\/V2\/wp-content\/uploads\/2022\/11\/Banker-2.jpg\" data-sizes=\"auto\" data-srcset=\"https:\/\/illmatik.com\/V2\/wp-content\/uploads\/2022\/11\/Banker-2.jpg 1280w, https:\/\/illmatik.com\/V2\/wp-content\/uploads\/2022\/11\/Banker-2-600x338.jpg 600w, https:\/\/illmatik.com\/V2\/wp-content\/uploads\/2022\/11\/Banker-2-300x169.jpg 300w\" \/><\/a>\n\t<\/figure>\n\t\t\t<aside class=\"post-category \">\n\t\t\t<a href=\"https:\/\/illmatik.com\/V2\/category\/rubriques\/analyses-opinions\/\" rel=\"category tag\">Analyses &amp; Opinions<\/a><i>, <\/i> <a href=\"https:\/\/illmatik.com\/V2\/category\/enjeux\/economie\/\" rel=\"category tag\">Business &amp; entreprises<\/a><i>, <\/i> <a href=\"https:\/\/illmatik.com\/V2\/category\/magazine\/films\/\" rel=\"category tag\">Films<\/a>\t\t<\/aside>\n\t\t\t<div class=\"post-title\"><h5><a href=\"https:\/\/illmatik.com\/V2\/the-banker-ou-combattre-dans-la-paix\/\" title=\"The Banker ou combattre dans la paix\"><span>The Banker ou combattre dans la paix<\/span><\/a><\/h5><\/div>\t\t\t\t\t\t<aside class=\"thb-post-bottom\">\n\t\t\t\t\t\t<ul>\n\t\t\t\t\t\t\t\t<li class=\"post-date\">13 novembre 2022<\/li>\n\t\t\t\t\t\t\t\t\t\t\t\t<li class=\"post-read\">2 mins Read<\/li>\n\t\t\t\t\t\t\t\t\t\t\t\t<li class=\"post-share\">0 Shares\t\t\t\t\t\t\t\t\t\t<div class=\"post-share-bubble\">\n\t\t\t\t\t\t<div class=\"post-share-icons\">\n\t\t\t\t\t\t\t\t\t\t\t\t\t\t<a href=\"https:\/\/www.facebook.com\/sharer.php?u=https:\/\/illmatik.com\/V2\/the-banker-ou-combattre-dans-la-paix\/\" class=\"post-social-share facebook\">\n\t\t\t\t\t\t\t\t\t<i class=\"thb-icon-facebook\"><\/i>\n\t\t\t\t\t\t\t\t<\/a>\n\t\t\t\t\t\t\t\t\t\t\t\t\t\t\t<a href=\"https:\/\/twitter.com\/intent\/tweet?text=The%20Banker%20ou%20combattre%20dans%20la%20paix&#038;via=illmatikmag&#038;url=https:\/\/illmatik.com\/V2\/the-banker-ou-combattre-dans-la-paix\/\" class=\"post-social-share twitter\">\n\t\t\t\t\t\t\t\t\t<i class=\"thb-icon-twitter\"><\/i>\n\t\t\t\t\t\t\t\t<\/a>\n\t\t\t\t\t\t\t\t\t\t\t\t\t\t\t<a href=\"https:\/\/www.linkedin.com\/cws\/share?url=https:\/\/illmatik.com\/V2\/the-banker-ou-combattre-dans-la-paix\/\" class=\"post-social-share linkedin\">\n\t\t\t\t\t\t\t\t\t<i class=\"thb-icon-linkedin\"><\/i>\n\t\t\t\t\t\t\t\t<\/a>\n\t\t\t\t\t\t\t\t\t\t\t\t\t\t\t<a href=\"https:\/\/wa.me\/?text=The%20Banker%20ou%20combattre%20dans%20la%20paix%20https:\/\/illmatik.com\/V2\/the-banker-ou-combattre-dans-la-paix\/\" class=\"post-social-share whatsapp\">\n\t\t\t\t\t\t\t\t\t<i class=\"thb-icon-whatsapp\"><\/i>\n\t\t\t\t\t\t\t\t<\/a>\n\t\t\t\t\t\t\t\t\t\t\t\t\t\t\t<a href=\"mailto:?subject=The%20Banker%20ou%20combattre%20dans%20la%20paix&#038;body=The%20Banker%20ou%20combattre%20dans%20la%20paix%20https:\/\/illmatik.com\/V2\/the-banker-ou-combattre-dans-la-paix\/\" class=\"post-social-share email\">\n\t\t\t\t\t\t\t\t\t<i class=\"thb-icon-mail\"><\/i>\n\t\t\t\t\t\t\t\t<\/a>\n\t\t\t\t\t\t\t\t\t\t\t\t\t\t\t<a href=\"https:\/\/t.me\/share\/url?&#038;text=The%20Banker%20ou%20combattre%20dans%20la%20paix&#038;url=https:\/\/illmatik.com\/V2\/the-banker-ou-combattre-dans-la-paix\/\" class=\"post-social-share telegram\">\n\t\t\t\t\t\t\t\t\t<i class=\"thb-icon-telegram\"><\/i>\n\t\t\t\t\t\t\t\t<\/a>\n\t\t\t\t\t\t\t\t\t\t\t\t\t<\/div>\n\t\t\t\t\t<\/div>\n\t\t\t\t\t\t\t\t\t<\/li>\n\t\t\t\t\t\t\t<\/ul>\n\t\t<\/aside>\n\t\t<\/div>\n\t\t<\/div>\n\t\t\t\t\t\t\t\t\t\t\t\t\t\t\t\t\t\t\t\t\t\t\t\t\t\t\t\t\t\t\t\t\t\t\t\t\t\t\t\t<div class=\"small-12 medium-4 columns\">\n\t\t\t\t\t\t<div class=\"post style1 post-7034 type-post status-publish format-standard has-post-thumbnail hentry category-analyses-opinions category-economie category-culture category-films category-media\">\n\t<figure class=\"post-gallery\">\n\t\t\t\t<a href=\"https:\/\/illmatik.com\/V2\/les-deux-assassinats-de-sam-cooke\/\"><img loading=\"lazy\" decoding=\"async\" width=\"740\" height=\"416\" src=\"https:\/\/illmatik.com\/V2\/wp-content\/uploads\/2022\/11\/SamCooke2.jpg\" class=\"attachment-theissue-squaresmall-x2 size-theissue-squaresmall-x2 thb-lazyload lazyload wp-post-image\" alt=\"\" sizes=\"auto, (max-width: 740px) 100vw, 740px\" data-src=\"https:\/\/illmatik.com\/V2\/wp-content\/uploads\/2022\/11\/SamCooke2.jpg\" data-sizes=\"auto\" data-srcset=\"https:\/\/illmatik.com\/V2\/wp-content\/uploads\/2022\/11\/SamCooke2.jpg 1280w, https:\/\/illmatik.com\/V2\/wp-content\/uploads\/2022\/11\/SamCooke2-600x338.jpg 600w, https:\/\/illmatik.com\/V2\/wp-content\/uploads\/2022\/11\/SamCooke2-300x169.jpg 300w\" \/><\/a>\n\t<\/figure>\n\t\t\t<aside class=\"post-category \">\n\t\t\t<a href=\"https:\/\/illmatik.com\/V2\/category\/rubriques\/analyses-opinions\/\" rel=\"category tag\">Analyses &amp; Opinions<\/a><i>, <\/i> <a href=\"https:\/\/illmatik.com\/V2\/category\/enjeux\/economie\/\" rel=\"category tag\">Business &amp; entreprises<\/a><i>, <\/i> <a href=\"https:\/\/illmatik.com\/V2\/category\/enjeux\/culture\/\" rel=\"category tag\">Culture &amp; m\u00e9dias<\/a><i>, <\/i> <a href=\"https:\/\/illmatik.com\/V2\/category\/magazine\/films\/\" rel=\"category tag\">Films<\/a><i>, <\/i> <a href=\"https:\/\/illmatik.com\/V2\/category\/magazine\/media\/\" rel=\"category tag\">Media<\/a>\t\t<\/aside>\n\t\t\t<div class=\"post-title\"><h5><a href=\"https:\/\/illmatik.com\/V2\/les-deux-assassinats-de-sam-cooke\/\" title=\"Les deux assassinats de Sam Cooke\"><span>Les deux assassinats de Sam Cooke<\/span><\/a><\/h5><\/div>\t\t\t\t\t\t<aside class=\"thb-post-bottom\">\n\t\t\t\t\t\t<ul>\n\t\t\t\t\t\t\t\t<li class=\"post-date\">13 novembre 2022<\/li>\n\t\t\t\t\t\t\t\t\t\t\t\t<li class=\"post-read\">2 mins Read<\/li>\n\t\t\t\t\t\t\t\t\t\t\t\t<li class=\"post-share\">0 Shares\t\t\t\t\t\t\t\t\t\t<div class=\"post-share-bubble\">\n\t\t\t\t\t\t<div class=\"post-share-icons\">\n\t\t\t\t\t\t\t\t\t\t\t\t\t\t<a href=\"https:\/\/www.facebook.com\/sharer.php?u=https:\/\/illmatik.com\/V2\/les-deux-assassinats-de-sam-cooke\/\" class=\"post-social-share facebook\">\n\t\t\t\t\t\t\t\t\t<i class=\"thb-icon-facebook\"><\/i>\n\t\t\t\t\t\t\t\t<\/a>\n\t\t\t\t\t\t\t\t\t\t\t\t\t\t\t<a href=\"https:\/\/twitter.com\/intent\/tweet?text=Les%20deux%20assassinats%20de%20Sam%20Cooke&#038;via=illmatikmag&#038;url=https:\/\/illmatik.com\/V2\/les-deux-assassinats-de-sam-cooke\/\" class=\"post-social-share twitter\">\n\t\t\t\t\t\t\t\t\t<i class=\"thb-icon-twitter\"><\/i>\n\t\t\t\t\t\t\t\t<\/a>\n\t\t\t\t\t\t\t\t\t\t\t\t\t\t\t<a href=\"https:\/\/www.linkedin.com\/cws\/share?url=https:\/\/illmatik.com\/V2\/les-deux-assassinats-de-sam-cooke\/\" class=\"post-social-share linkedin\">\n\t\t\t\t\t\t\t\t\t<i class=\"thb-icon-linkedin\"><\/i>\n\t\t\t\t\t\t\t\t<\/a>\n\t\t\t\t\t\t\t\t\t\t\t\t\t\t\t<a href=\"https:\/\/wa.me\/?text=Les%20deux%20assassinats%20de%20Sam%20Cooke%20https:\/\/illmatik.com\/V2\/les-deux-assassinats-de-sam-cooke\/\" class=\"post-social-share whatsapp\">\n\t\t\t\t\t\t\t\t\t<i class=\"thb-icon-whatsapp\"><\/i>\n\t\t\t\t\t\t\t\t<\/a>\n\t\t\t\t\t\t\t\t\t\t\t\t\t\t\t<a href=\"mailto:?subject=Les%20deux%20assassinats%20de%20Sam%20Cooke&#038;body=Les%20deux%20assassinats%20de%20Sam%20Cooke%20https:\/\/illmatik.com\/V2\/les-deux-assassinats-de-sam-cooke\/\" class=\"post-social-share email\">\n\t\t\t\t\t\t\t\t\t<i class=\"thb-icon-mail\"><\/i>\n\t\t\t\t\t\t\t\t<\/a>\n\t\t\t\t\t\t\t\t\t\t\t\t\t\t\t<a href=\"https:\/\/t.me\/share\/url?&#038;text=Les%20deux%20assassinats%20de%20Sam%20Cooke&#038;url=https:\/\/illmatik.com\/V2\/les-deux-assassinats-de-sam-cooke\/\" class=\"post-social-share telegram\">\n\t\t\t\t\t\t\t\t\t<i class=\"thb-icon-telegram\"><\/i>\n\t\t\t\t\t\t\t\t<\/a>\n\t\t\t\t\t\t\t\t\t\t\t\t\t<\/div>\n\t\t\t\t\t<\/div>\n\t\t\t\t\t\t\t\t\t<\/li>\n\t\t\t\t\t\t\t<\/ul>\n\t\t<\/aside>\n\t\t<\/div>\n\t\t<\/div>\n\t\t\t\t\t\t\t\t\t\t\t\t\t\t\t\t\t\t\t\t\t\t\t\t\t\t\t\t\t\t\t\t\t\t\t\t\t\t\t\t<div class=\"small-12 medium-4 columns\">\n\t\t\t\t\t\t<div class=\"post style1 post-7030 type-post status-publish format-standard has-post-thumbnail hentry category-economie category-illmatik-1 category-interviews category-publications category-societe\">\n\t<figure class=\"post-gallery\">\n\t\t\t\t<a href=\"https:\/\/illmatik.com\/V2\/je-fais-partie-dune-generation-qui-a-lobligation-de-sinvestir-pour-les-autres\/\"><img loading=\"lazy\" decoding=\"async\" width=\"740\" height=\"416\" src=\"https:\/\/illmatik.com\/V2\/wp-content\/uploads\/2022\/11\/1610031_783355755016530_7185799271268323200_n.jpg\" class=\"attachment-theissue-squaresmall-x2 size-theissue-squaresmall-x2 thb-lazyload lazyload wp-post-image\" alt=\"\" sizes=\"auto, (max-width: 740px) 100vw, 740px\" data-src=\"https:\/\/illmatik.com\/V2\/wp-content\/uploads\/2022\/11\/1610031_783355755016530_7185799271268323200_n.jpg\" data-sizes=\"auto\" data-srcset=\"https:\/\/illmatik.com\/V2\/wp-content\/uploads\/2022\/11\/1610031_783355755016530_7185799271268323200_n.jpg 960w, https:\/\/illmatik.com\/V2\/wp-content\/uploads\/2022\/11\/1610031_783355755016530_7185799271268323200_n-600x338.jpg 600w, https:\/\/illmatik.com\/V2\/wp-content\/uploads\/2022\/11\/1610031_783355755016530_7185799271268323200_n-300x169.jpg 300w\" \/><\/a>\n\t<\/figure>\n\t\t\t<aside class=\"post-category \">\n\t\t\t<a href=\"https:\/\/illmatik.com\/V2\/category\/enjeux\/economie\/\" rel=\"category tag\">Business &amp; entreprises<\/a><i>, <\/i> <a href=\"https:\/\/illmatik.com\/V2\/category\/illmatik-1\/\" rel=\"category tag\">Illmatik 1<\/a><i>, <\/i> <a href=\"https:\/\/illmatik.com\/V2\/category\/rubriques\/interviews\/\" rel=\"category tag\">Interviews<\/a><i>, <\/i> <a href=\"https:\/\/illmatik.com\/V2\/category\/magazine\/publications\/\" rel=\"category tag\">Publications<\/a><i>, <\/i> <a href=\"https:\/\/illmatik.com\/V2\/category\/enjeux\/societe\/\" rel=\"category tag\">Soci\u00e9t\u00e9 &amp; activisme<\/a>\t\t<\/aside>\n\t\t\t<div class=\"post-title\"><h5><a href=\"https:\/\/illmatik.com\/V2\/je-fais-partie-dune-generation-qui-a-lobligation-de-sinvestir-pour-les-autres\/\" title=\"Hawa D\u00e8me: \u00ab\u00a0Je fais partie d\u2019une g\u00e9n\u00e9ration qui \u00e0 l\u2019obligation de s\u2019investir pour les autres\u00a0\u00bb\"><span>Hawa D\u00e8me: \u00ab\u00a0Je fais partie d\u2019une g\u00e9n\u00e9ration qui \u00e0 l\u2019obligation de s\u2019investir pour les autres\u00a0\u00bb<\/span><\/a><\/h5><\/div>\t\t\t\t\t\t<aside class=\"thb-post-bottom\">\n\t\t\t\t\t\t<ul>\n\t\t\t\t\t\t\t\t<li class=\"post-date\">12 novembre 2022<\/li>\n\t\t\t\t\t\t\t\t\t\t\t\t<li class=\"post-read\">5 mins Read<\/li>\n\t\t\t\t\t\t\t\t\t\t\t\t<li class=\"post-share\">0 Shares\t\t\t\t\t\t\t\t\t\t<div class=\"post-share-bubble\">\n\t\t\t\t\t\t<div class=\"post-share-icons\">\n\t\t\t\t\t\t\t\t\t\t\t\t\t\t<a href=\"https:\/\/www.facebook.com\/sharer.php?u=https:\/\/illmatik.com\/V2\/je-fais-partie-dune-generation-qui-a-lobligation-de-sinvestir-pour-les-autres\/\" class=\"post-social-share facebook\">\n\t\t\t\t\t\t\t\t\t<i class=\"thb-icon-facebook\"><\/i>\n\t\t\t\t\t\t\t\t<\/a>\n\t\t\t\t\t\t\t\t\t\t\t\t\t\t\t<a href=\"https:\/\/twitter.com\/intent\/tweet?text=Hawa%20D\u00e8me:%20\u00ab\u00a0Je%20fais%20partie%20d\u2019une%20g\u00e9n\u00e9ration%20qui%20\u00e0%20l\u2019obligation%20de%20s\u2019investir%20pour%20les%20autres\u00a0\u00bb&#038;via=illmatikmag&#038;url=https:\/\/illmatik.com\/V2\/je-fais-partie-dune-generation-qui-a-lobligation-de-sinvestir-pour-les-autres\/\" class=\"post-social-share twitter\">\n\t\t\t\t\t\t\t\t\t<i class=\"thb-icon-twitter\"><\/i>\n\t\t\t\t\t\t\t\t<\/a>\n\t\t\t\t\t\t\t\t\t\t\t\t\t\t\t<a href=\"https:\/\/www.linkedin.com\/cws\/share?url=https:\/\/illmatik.com\/V2\/je-fais-partie-dune-generation-qui-a-lobligation-de-sinvestir-pour-les-autres\/\" class=\"post-social-share linkedin\">\n\t\t\t\t\t\t\t\t\t<i class=\"thb-icon-linkedin\"><\/i>\n\t\t\t\t\t\t\t\t<\/a>\n\t\t\t\t\t\t\t\t\t\t\t\t\t\t\t<a href=\"https:\/\/wa.me\/?text=Hawa%20D\u00e8me:%20\u00ab\u00a0Je%20fais%20partie%20d\u2019une%20g\u00e9n\u00e9ration%20qui%20\u00e0%20l\u2019obligation%20de%20s\u2019investir%20pour%20les%20autres\u00a0\u00bb%20https:\/\/illmatik.com\/V2\/je-fais-partie-dune-generation-qui-a-lobligation-de-sinvestir-pour-les-autres\/\" class=\"post-social-share whatsapp\">\n\t\t\t\t\t\t\t\t\t<i class=\"thb-icon-whatsapp\"><\/i>\n\t\t\t\t\t\t\t\t<\/a>\n\t\t\t\t\t\t\t\t\t\t\t\t\t\t\t<a href=\"mailto:?subject=Hawa%20D\u00e8me:%20\u00ab\u00a0Je%20fais%20partie%20d\u2019une%20g\u00e9n\u00e9ration%20qui%20\u00e0%20l\u2019obligation%20de%20s\u2019investir%20pour%20les%20autres\u00a0\u00bb&#038;body=Hawa%20D\u00e8me:%20\u00ab\u00a0Je%20fais%20partie%20d\u2019une%20g\u00e9n\u00e9ration%20qui%20\u00e0%20l\u2019obligation%20de%20s\u2019investir%20pour%20les%20autres\u00a0\u00bb%20https:\/\/illmatik.com\/V2\/je-fais-partie-dune-generation-qui-a-lobligation-de-sinvestir-pour-les-autres\/\" class=\"post-social-share email\">\n\t\t\t\t\t\t\t\t\t<i class=\"thb-icon-mail\"><\/i>\n\t\t\t\t\t\t\t\t<\/a>\n\t\t\t\t\t\t\t\t\t\t\t\t\t\t\t<a href=\"https:\/\/t.me\/share\/url?&#038;text=Hawa%20D\u00e8me:%20\u00ab\u00a0Je%20fais%20partie%20d\u2019une%20g\u00e9n\u00e9ration%20qui%20\u00e0%20l\u2019obligation%20de%20s\u2019investir%20pour%20les%20autres\u00a0\u00bb&#038;url=https:\/\/illmatik.com\/V2\/je-fais-partie-dune-generation-qui-a-lobligation-de-sinvestir-pour-les-autres\/\" class=\"post-social-share telegram\">\n\t\t\t\t\t\t\t\t\t<i class=\"thb-icon-telegram\"><\/i>\n\t\t\t\t\t\t\t\t<\/a>\n\t\t\t\t\t\t\t\t\t\t\t\t\t<\/div>\n\t\t\t\t\t<\/div>\n\t\t\t\t\t\t\t\t\t<\/li>\n\t\t\t\t\t\t\t<\/ul>\n\t\t<\/aside>\n\t\t<\/div>\n\t\t<\/div>\n\t\t\t\t\t\t\t\t\t\t\t\t\t\t\t\t\t\t\t\t\t\t\t\t\t\t\t\t\t\t\t\t\t\t\t\t\t\t\t<\/div>\n\t[\/vc_column][\/vc_row]\n<\/section>","protected":false},"excerpt":{"rendered":"<p>[vc_row thb_full_width=\u00a0\u00bbtrue\u00a0\u00bb thb_row_padding=\u00a0\u00bbtrue\u00a0\u00bb thb_column_padding=\u00a0\u00bbtrue\u00a0\u00bb css=\u00a0\u00bb.vc_custom_1692097283536{padding-top: 30px !important;padding-bottom: 30px !important;background-color: #a32e36 !important;}\u00a0\u00bb][vc_column][vc_row_inner][vc_column_inner width=\u00a0\u00bb1\/6&Prime;][\/vc_column_inner][vc_column_inner width=\u00a0\u00bb2\/3&Prime;][vc_column_text] BUSINESS &amp;&hellip;<\/p>\n","protected":false},"author":1,"featured_media":0,"parent":0,"menu_order":0,"comment_status":"closed","ping_status":"closed","template":"page-default.php","meta":{"footnotes":""},"class_list":["post-7887","page","type-page","status-publish","hentry"],"_links":{"self":[{"href":"https:\/\/illmatik.com\/V2\/wp-json\/wp\/v2\/pages\/7887","targetHints":{"allow":["GET"]}}],"collection":[{"href":"https:\/\/illmatik.com\/V2\/wp-json\/wp\/v2\/pages"}],"about":[{"href":"https:\/\/illmatik.com\/V2\/wp-json\/wp\/v2\/types\/page"}],"author":[{"embeddable":true,"href":"https:\/\/illmatik.com\/V2\/wp-json\/wp\/v2\/users\/1"}],"replies":[{"embeddable":true,"href":"https:\/\/illmatik.com\/V2\/wp-json\/wp\/v2\/comments?post=7887"}],"version-history":[{"count":1,"href":"https:\/\/illmatik.com\/V2\/wp-json\/wp\/v2\/pages\/7887\/revisions"}],"predecessor-version":[{"id":7888,"href":"https:\/\/illmatik.com\/V2\/wp-json\/wp\/v2\/pages\/7887\/revisions\/7888"}],"wp:attachment":[{"href":"https:\/\/illmatik.com\/V2\/wp-json\/wp\/v2\/media?parent=7887"}],"curies":[{"name":"wp","href":"https:\/\/api.w.org\/{rel}","templated":true}]}}