{"id":7970,"date":"2026-04-27T10:55:30","date_gmt":"2026-04-27T08:55:30","guid":{"rendered":"https:\/\/illmatik.com\/V2\/?page_id=7970"},"modified":"2026-04-27T11:08:00","modified_gmt":"2026-04-27T09:08:00","slug":"revue-numero2","status":"publish","type":"page","link":"https:\/\/illmatik.com\/V2\/revue-numero2\/","title":{"rendered":"La revue Illmatik #2"},"content":{"rendered":"<section class=\"wpb-content-wrapper\">[vc_row][vc_column width=\u00a0\u00bb1\/3&Prime;][vc_empty_space][vc_single_image image=\u00a0\u00bb7974&Prime; img_size=\u00a0\u00bblarge\u00a0\u00bb onclick=\u00a0\u00bbcustom_link\u00a0\u00bb link=\u00a0\u00bbhttps:\/\/www.amazon.fr\/dp\/2959890159\/\u00a0\u00bb][\/vc_column][vc_column width=\u00a0\u00bb2\/3&Prime;][vc_empty_space][vc_column_text]<strong>ILLMATIK #2<br \/>\n<em>Au del\u00e0 de l&rsquo;intelligence artificielle: Maitriser les enjeux technologiques et g\u00e9opolitiques africains contemporains.<\/em><\/strong><\/p>\n<p>Illmatik est la revue de r\u00e9f\u00e9rence situ\u00e9e \u00e0 l\u2019intersection des enjeux technologiques, g\u00e9opolitiques et culturels africains. Plus qu\u2019un support d\u2019analyse, elle produit des id\u00e9es et des ressources strat\u00e9giques destin\u00e9es aux leaders et acteurs du renouveau africain pour mieux d\u00e9cider et r\u00e9inventer notre avenir commun.<\/p>\n<p><a href=\"https:\/\/www.amazon.fr\/del%C3%A0-lIntelligence-Artificielle-g%C3%A9opolitiques-technologiques\/dp\/2959890159\/\"><strong>Sortie : Avril 2026<\/strong><\/a>[\/vc_column_text][vc_tta_tabs][vc_tta_section title=\u00a0\u00bbPourquoi ce num\u00e9ro est important\u00a0\u00bb tab_id=\u00a0\u00bb1760814148405-87004f06-7bcd\u00a0\u00bb][vc_column_text]Dans un si\u00e8cle marqu\u00e9 par le \u00ab devenir n\u00e8gre du monde \u00bb et le colonialisme num\u00e9rique, Illmatik s\u2019impose comme un outil de survie intellectuelle et politique.<\/p>\n<p>La revue est cruciale car elle refuse de traiter l&rsquo;Afrique comme un simple terrain d&rsquo;extraction de donn\u00e9es ou de minerais. Elle transforme le savoir en pouvoir organisationnel en liant la th\u00e9orie \u00e0 la praxis. \u00c0 l&rsquo;heure du d\u00e9clin relatif de l&rsquo;influence occidentale, elle exhorte les Africains \u00e0 constituer leur \u00ab force propre \u00bb pour n\u00e9gocier \u00e0 leur avantage les nouveaux rapports de force mondiaux.<\/p>\n<p>En d\u00e9cryptant le continuum \u00ab mines-c\u00e2bles-algorithmes \u00bb, Illmatik offre les cl\u00e9s d&rsquo;une souverainet\u00e9 r\u00e9elle, capable de prot\u00e9ger l\u2019humain face au technof\u00e9odalisme. C\u2019est une invitation \u00e0 une \u00ab insurrection des consciences \u00bb pour que l\u2019Afrique devienne enfin l\u2019architecte de son propre destin.<br \/>\n[\/vc_column_text][\/vc_tta_section][vc_tta_section title=\u00a0\u00bbPourquoi ce num\u00e9ro va plaire\u00a0\u00bb tab_id=\u00a0\u00bb1760814148462-e34a7276-9a0b\u00a0\u00bb][vc_column_text]Illmatik f\u00e9d\u00e8re des publics vari\u00e9s par sa capacit\u00e9 \u00e0 lier les enjeux globaux aux r\u00e9alit\u00e9s locales.<\/p>\n<p>\u2022 Aux leaders et d\u00e9cideurs, elle offre une boussole strat\u00e9gique pour naviguer dans la complexit\u00e9 des n\u00e9gociations internationales et ma\u00eetriser l\u2019art de la communication d&rsquo;impact. Elle aide \u00e0 transformer les pressions technologiques en leviers de souverainet\u00e9 num\u00e9rique.<\/p>\n<p>\u2022 Le grand public y trouve une source d&rsquo;inspiration et de r\u00e9appropriation identitaire. En mettant en lumi\u00e8re des figures historiques et en d\u00e9cryptant des ph\u00e9nom\u00e8nes comme le trauma collectif, la revue donne un sens aux luttes quotidiennes et restaure la dignit\u00e9 de penser.<\/p>\n<p>\u2022 Pour le monde universitaire, elle constitue un laboratoire d\u2019\u00ab intellectuels organiques \u00bb. Elle propose de d\u00e9coloniser les savoirs et de b\u00e2tir de nouveaux paradigmes endog\u00e8nes, reliant la rigueur de la recherche scientifique aux imp\u00e9ratifs de l&rsquo;action de terrain. En croisant psychiatrie, histoire et g\u00e9opolitique, elle stimule une r\u00e9flexion critique indispensable pour relever les d\u00e9fis africains contemporains.[\/vc_column_text][\/vc_tta_section][vc_tta_section title=\u00a0\u00bbLe contenu du num\u00e9ro\u00a0\u00bb tab_id=\u00a0\u00bb1760814440046-9c071adb-9a0d\u00a0\u00bb][vc_column_text]Ce num\u00e9ro s&rsquo;articule autour de quatre parties compl\u00e9mentaires :<\/p>\n<p><strong>1. R\u00e9flexions &amp; d\u00e9bats :<\/strong> Cette section analyse les grandes fractures mondiales, du d\u00e9clin des r\u00e9cits occidentaux aux le\u00e7ons de la crise v\u00e9n\u00e9zu\u00e9lienne, pour inviter les Africains \u00e0 sortir de leur \u00abfaiblesse structurelle\u00bb.<\/p>\n<p><strong>2. Ressources &amp; expertises :<\/strong> Elle fournit des outils concrets de leadership. On y traite de l&rsquo;art de la n\u00e9gociation proactive, de la communication comme levier de cohabitation politique et d&rsquo;une \u00e9tude de cas approfondie sur les dilemmes de la souverainet\u00e9 num\u00e9rique face aux g\u00e9ants de la Tech.<\/p>\n<p><strong>3. Featuring :<\/strong> \u00c0 travers un entretien majeur avec Kambale Musavuli, cette partie explore la \u00ab nouvelle ru\u00e9e \u00bb sur l\u2019Afrique. Elle d\u00e9crypte comment l&rsquo;IA et les flux de donn\u00e9es redessinent les<\/p>\n<p><strong>4. Cultures &amp; D\u00e9cryptage :<\/strong> Cette section \u0153uvre \u00e0 la gu\u00e9rison sociale et politique. Elle aborde le traitement des traumas collectifs avec Achille Bapolisi et plaide pour la cr\u00e9ation d&rsquo;un \u00ab pouvoir derri\u00e8re chaque Africain \u00bb par la r\u00e9conciliation de la diaspora et du continent.[\/vc_column_text][\/vc_tta_section][\/vc_tta_tabs][\/vc_column][\/vc_row][vc_row][vc_column][vc_separator style=\u00a0\u00bbdotted\u00a0\u00bb][\/vc_column][\/vc_row][vc_row][vc_column width=\u00a0\u00bb1\/2&Prime;][vc_column_text]<iframe loading=\"lazy\" style=\"max-width: 100%;\" src=\"https:\/\/lire.amazon.fr\/kp\/card?asin=2959890159&amp;preview=inline&amp;linkCode=kpe&amp;ref_=cm_sw_r_kb_dp_40MPY6B54YEP67QJRYHE\" width=\"336\" height=\"550\" frameborder=\"0\" sandbox=\"allow-scripts allow-same-origin allow-popups\" allowfullscreen=\"allowfullscreen\"><\/iframe>[\/vc_column_text][\/vc_column][vc_column width=\u00a0\u00bb1\/2&Prime;][vc_column_text]<strong>Cr\u00e9dits<\/strong><br \/>\nEditeur: Congo Lobi Lelo<\/p>\n<p>&#8212;&#8212;<br \/>\n<strong>El\u00e9ments techniques<\/strong><\/p>\n<p>ISBN : 978-2959890154<br \/>\nDimensions : 21.01 x 0.48 x 29.69 cm<br \/>\nNombre de pages : 80 pages<br \/>\nPrix : 20 euros (version papier)<\/p>\n<p>&#8212;&#8212;<br \/>\n<strong>O\u00f9 acheter la revue<\/strong><\/p>\n<p>&#8211; <a href=\"https:\/\/www.amazon.fr\/dp\/2959890159\/\" target=\"_blank\" rel=\"noopener\">Amazon (Papier)<\/a>[\/vc_column_text][\/vc_column][\/vc_row]\n<\/section>","protected":false},"excerpt":{"rendered":"<p>[vc_row][vc_column width=\u00a0\u00bb1\/3&Prime;][vc_empty_space][vc_single_image image=\u00a0\u00bb7974&Prime; img_size=\u00a0\u00bblarge\u00a0\u00bb onclick=\u00a0\u00bbcustom_link\u00a0\u00bb link=\u00a0\u00bbhttps:\/\/www.amazon.fr\/dp\/2959890159\/\u00a0\u00bb][\/vc_column][vc_column width=\u00a0\u00bb2\/3&Prime;][vc_empty_space][vc_column_text]ILLMATIK #2 Au del\u00e0 de l&rsquo;intelligence artificielle: Maitriser les enjeux technologiques et g\u00e9opolitiques africains contemporains. Illmatik est la revue de r\u00e9f\u00e9rence situ\u00e9e \u00e0 l\u2019intersection des enjeux technologiques, g\u00e9opolitiques et culturels africains. Plus qu\u2019un support d\u2019analyse, elle produit des id\u00e9es et des ressources strat\u00e9giques destin\u00e9es aux leaders et acteurs du&hellip;<\/p>\n","protected":false},"author":1,"featured_media":0,"parent":0,"menu_order":0,"comment_status":"closed","ping_status":"closed","template":"","meta":{"footnotes":""},"class_list":["post-7970","page","type-page","status-publish","hentry"],"_links":{"self":[{"href":"https:\/\/illmatik.com\/V2\/wp-json\/wp\/v2\/pages\/7970","targetHints":{"allow":["GET"]}}],"collection":[{"href":"https:\/\/illmatik.com\/V2\/wp-json\/wp\/v2\/pages"}],"about":[{"href":"https:\/\/illmatik.com\/V2\/wp-json\/wp\/v2\/types\/page"}],"author":[{"embeddable":true,"href":"https:\/\/illmatik.com\/V2\/wp-json\/wp\/v2\/users\/1"}],"replies":[{"embeddable":true,"href":"https:\/\/illmatik.com\/V2\/wp-json\/wp\/v2\/comments?post=7970"}],"version-history":[{"count":5,"href":"https:\/\/illmatik.com\/V2\/wp-json\/wp\/v2\/pages\/7970\/revisions"}],"predecessor-version":[{"id":7977,"href":"https:\/\/illmatik.com\/V2\/wp-json\/wp\/v2\/pages\/7970\/revisions\/7977"}],"wp:attachment":[{"href":"https:\/\/illmatik.com\/V2\/wp-json\/wp\/v2\/media?parent=7970"}],"curies":[{"name":"wp","href":"https:\/\/api.w.org\/{rel}","templated":true}]}}